{"id":38329,"date":"2024-08-13T15:25:44","date_gmt":"2024-08-13T15:25:44","guid":{"rendered":"https:\/\/safari.mx\/index.php\/product\/open-road-100ml-coach\/"},"modified":"2024-08-13T15:25:48","modified_gmt":"2024-08-13T15:25:48","slug":"open-road-100ml-coach","status":"publish","type":"product","link":"https:\/\/safari.mx\/index.php\/product\/open-road-100ml-coach\/","title":{"rendered":"Open Road 100Ml &#8211; Coach"},"content":{"rendered":"<p><strong>ACORDES:<\/strong> Arom\u00e1tico, amaderado, c\u00edtrico, fresco especiado, terrosos, lavanda, herbal, pachul\u00ed, especiado suave.<\/p>\n","protected":false},"excerpt":{"rendered":"<p>Open Road de Coach es una fragancia de la familia olfativa Amaderada Arom\u00e1tica para Hombres. Esta fragrancia es nueva. Open Road se lanz\u00f3 en 2022. La Nariz detr\u00e1s de esta fragrancia es Jean-Christophe H\u00e9rault. Las Notas de Salida son lim\u00f3n (lima \u00e1cida) y manzana roja; las Notas de Coraz\u00f3n son pimienta de Sichuan, esclarea y lavanda; las Notas de Fondo son vetiver, cedro y pachul\u00ed.<\/p>\n","protected":false},"featured_media":38331,"comment_status":"open","ping_status":"open","template":"","meta":[],"product_cat":[521,342,340,353,354,343,339,351,428,430,431],"product_tag":[],"class_list":{"0":"post-38329","1":"product","2":"type-product","3":"status-publish","4":"has-post-thumbnail","6":"product_cat-coach-marca","7":"product_cat-clasificacion","8":"product_cat-concentracion","9":"product_cat-disenador-clasificacion","10":"product_cat-eau-de-toilette-concentracion","11":"product_cat-genero","12":"product_cat-marca","13":"product_cat-masculino-genero","14":"product_cat-perfumes-de-linea","15":"product_cat-perfumes-de-linea-caballero","16":"product_cat-perfumes-disenador-perfumes-de-linea","17":"ts_product_brand-coach","19":"first","20":"instock","21":"purchasable","22":"product-type-simple","23":"add-to-wishlist-after_add_to_cart"},"aioseo_notices":[],"_links":{"self":[{"href":"https:\/\/safari.mx\/index.php\/wp-json\/wp\/v2\/product\/38329","targetHints":{"allow":["GET"]}}],"collection":[{"href":"https:\/\/safari.mx\/index.php\/wp-json\/wp\/v2\/product"}],"about":[{"href":"https:\/\/safari.mx\/index.php\/wp-json\/wp\/v2\/types\/product"}],"replies":[{"embeddable":true,"href":"https:\/\/safari.mx\/index.php\/wp-json\/wp\/v2\/comments?post=38329"}],"wp:featuredmedia":[{"embeddable":true,"href":"https:\/\/safari.mx\/index.php\/wp-json\/wp\/v2\/media\/38331"}],"wp:attachment":[{"href":"https:\/\/safari.mx\/index.php\/wp-json\/wp\/v2\/media?parent=38329"}],"wp:term":[{"taxonomy":"product_cat","embeddable":true,"href":"https:\/\/safari.mx\/index.php\/wp-json\/wp\/v2\/product_cat?post=38329"},{"taxonomy":"product_tag","embeddable":true,"href":"https:\/\/safari.mx\/index.php\/wp-json\/wp\/v2\/product_tag?post=38329"}],"curies":[{"name":"wp","href":"https:\/\/api.w.org\/{rel}","templated":true}]}}