{"id":38349,"date":"2024-08-13T15:26:20","date_gmt":"2024-08-13T15:26:20","guid":{"rendered":"https:\/\/safari.mx\/index.php\/product\/curve-100ml-liz-claiborne\/"},"modified":"2024-08-13T15:26:24","modified_gmt":"2024-08-13T15:26:24","slug":"curve-100ml-liz-claiborne","status":"publish","type":"product","link":"https:\/\/safari.mx\/index.php\/product\/curve-100ml-liz-claiborne\/","title":{"rendered":"Curve 100ml &#8211; Liz Claiborne"},"content":{"rendered":"<p><strong>ACORDES:<\/strong> Florales, c\u00edtrico, fresco, afrutados, atalcado, amaderado, rosas, floral blanco, violeta, dulce.<\/p>\n","protected":false},"excerpt":{"rendered":"<p>Curve de Liz Claiborne es una fragancia de la familia olfativa Floral Frutal para Mujeres. Curve se lanz\u00f3 en 1996. Las Notas de Salida son zarzamora (frambuesa negra), toronja (pomelo), bergamota, mandarina, durazno (melocot\u00f3n), ylang-ylang, naranja y chabacano; las Notas de Coraz\u00f3n son lirio de los valles (muguete), peon\u00eda rosa, fresia amarilla, magnolia, rosa de Damasco, flor de loto, casia y ciclamen (violeta persa); las Notas de Fondo son almizcle, violeta, iris, s\u00e1ndalo, cedro, \u00e1mbar y caoba.<\/p>\n","protected":false},"featured_media":38350,"comment_status":"open","ping_status":"open","template":"","meta":[],"product_cat":[639,342,340,353,354,370,343,754,339,428,431],"product_tag":[],"class_list":{"0":"post-38349","1":"product","2":"type-product","3":"status-publish","4":"has-post-thumbnail","6":"product_cat-perfumes-de-linea-dama-perfumes-de-linea","7":"product_cat-clasificacion","8":"product_cat-concentracion","9":"product_cat-disenador-clasificacion","10":"product_cat-eau-de-toilette-concentracion","11":"product_cat-femenino-genero","12":"product_cat-genero","13":"product_cat-liz-claiborne-marca","14":"product_cat-marca","15":"product_cat-perfumes-de-linea","16":"product_cat-perfumes-disenador-perfumes-de-linea","17":"ts_product_brand-liz-claiborne","19":"first","20":"instock","21":"purchasable","22":"product-type-simple","23":"add-to-wishlist-after_add_to_cart"},"aioseo_notices":[],"_links":{"self":[{"href":"https:\/\/safari.mx\/index.php\/wp-json\/wp\/v2\/product\/38349","targetHints":{"allow":["GET"]}}],"collection":[{"href":"https:\/\/safari.mx\/index.php\/wp-json\/wp\/v2\/product"}],"about":[{"href":"https:\/\/safari.mx\/index.php\/wp-json\/wp\/v2\/types\/product"}],"replies":[{"embeddable":true,"href":"https:\/\/safari.mx\/index.php\/wp-json\/wp\/v2\/comments?post=38349"}],"wp:featuredmedia":[{"embeddable":true,"href":"https:\/\/safari.mx\/index.php\/wp-json\/wp\/v2\/media\/38350"}],"wp:attachment":[{"href":"https:\/\/safari.mx\/index.php\/wp-json\/wp\/v2\/media?parent=38349"}],"wp:term":[{"taxonomy":"product_cat","embeddable":true,"href":"https:\/\/safari.mx\/index.php\/wp-json\/wp\/v2\/product_cat?post=38349"},{"taxonomy":"product_tag","embeddable":true,"href":"https:\/\/safari.mx\/index.php\/wp-json\/wp\/v2\/product_tag?post=38349"}],"curies":[{"name":"wp","href":"https:\/\/api.w.org\/{rel}","templated":true}]}}