{"id":38381,"date":"2024-08-13T15:27:43","date_gmt":"2024-08-13T15:27:43","guid":{"rendered":"https:\/\/safari.mx\/index.php\/product\/cool-water-200ml-davidoff\/"},"modified":"2024-08-13T15:27:49","modified_gmt":"2024-08-13T15:27:49","slug":"cool-water-100ml-davidoff","status":"publish","type":"product","link":"https:\/\/safari.mx\/index.php\/product\/cool-water-100ml-davidoff\/","title":{"rendered":"Cool Water 100Ml &#8211; Davidoff"},"content":{"rendered":"<p><strong>ACORDES:<\/strong> Fresco, florales, afrutados, acu\u00e1tico, oz\u00f3nico, dulce, floral blanco, c\u00edtrico, arom\u00e1tico, atalcado.<\/p>\n","protected":false},"excerpt":{"rendered":"<p>Cool Water de Davidoff es una fragancia de la familia olfativa Floral Acu\u00e1tica para Mujeres. Cool Water se lanz\u00f3 en 1996. La Nariz detr\u00e1s de esta fragancia es Pierre Bourdon. Las Notas de Salida son mel\u00f3n, flor de loto, lim\u00f3n (lima \u00e1cida), pi\u00f1a, membrillo, calone, azucena y grosellas negras; las Notas de Coraz\u00f3n son flor de loto, nen\u00fafar (lirio de agua), lirio de los valles (muguete), jazm\u00edn, miel, flor del espino y rosa; las Notas de Fondo son almizcle, vetiver, ra\u00edz de la violeta, frambuesa, zarzamora (frambuesa negra), durazno (melocot\u00f3n), s\u00e1ndalo y vainilla.<\/p>\n","protected":false},"featured_media":38385,"comment_status":"open","ping_status":"open","template":"","meta":[],"product_cat":[639,342,340,397,353,354,370,343,339,428,431],"product_tag":[],"class_list":{"0":"post-38381","1":"product","2":"type-product","3":"status-publish","4":"has-post-thumbnail","6":"product_cat-perfumes-de-linea-dama-perfumes-de-linea","7":"product_cat-clasificacion","8":"product_cat-concentracion","9":"product_cat-davidoff-marca","10":"product_cat-disenador-clasificacion","11":"product_cat-eau-de-toilette-concentracion","12":"product_cat-femenino-genero","13":"product_cat-genero","14":"product_cat-marca","15":"product_cat-perfumes-de-linea","16":"product_cat-perfumes-disenador-perfumes-de-linea","17":"ts_product_brand-davidoff","19":"first","20":"instock","21":"purchasable","22":"product-type-simple","23":"add-to-wishlist-after_add_to_cart"},"aioseo_notices":[],"_links":{"self":[{"href":"https:\/\/safari.mx\/index.php\/wp-json\/wp\/v2\/product\/38381","targetHints":{"allow":["GET"]}}],"collection":[{"href":"https:\/\/safari.mx\/index.php\/wp-json\/wp\/v2\/product"}],"about":[{"href":"https:\/\/safari.mx\/index.php\/wp-json\/wp\/v2\/types\/product"}],"replies":[{"embeddable":true,"href":"https:\/\/safari.mx\/index.php\/wp-json\/wp\/v2\/comments?post=38381"}],"wp:featuredmedia":[{"embeddable":true,"href":"https:\/\/safari.mx\/index.php\/wp-json\/wp\/v2\/media\/38385"}],"wp:attachment":[{"href":"https:\/\/safari.mx\/index.php\/wp-json\/wp\/v2\/media?parent=38381"}],"wp:term":[{"taxonomy":"product_cat","embeddable":true,"href":"https:\/\/safari.mx\/index.php\/wp-json\/wp\/v2\/product_cat?post=38381"},{"taxonomy":"product_tag","embeddable":true,"href":"https:\/\/safari.mx\/index.php\/wp-json\/wp\/v2\/product_tag?post=38381"}],"curies":[{"name":"wp","href":"https:\/\/api.w.org\/{rel}","templated":true}]}}