{"id":38395,"date":"2024-08-13T15:28:26","date_gmt":"2024-08-13T15:28:26","guid":{"rendered":"https:\/\/safari.mx\/index.php\/product\/dior-addict-eau-fraiche-100ml-christian-dior\/"},"modified":"2024-08-13T15:28:32","modified_gmt":"2024-08-13T15:28:32","slug":"dior-addict-eau-fraiche-100ml-christian-dior","status":"publish","type":"product","link":"https:\/\/safari.mx\/index.php\/product\/dior-addict-eau-fraiche-100ml-christian-dior\/","title":{"rendered":"Dior Addict Eau Fraiche 100ml &#8211; Christian Dior"},"content":{"rendered":"<p><strong>ACORDES:<\/strong> C\u00edtrico, florales, fresco especiado, amaderado, almizclado, acu\u00e1tico, arom\u00e1tico, afrutados.<\/p>\n","protected":false},"excerpt":{"rendered":"<p>Dior Addict Eau Fraiche 2012 de Dior es una fragancia de la familia olfativa Floral Frutal para Mujeres. Dior Addict Eau Fraiche 2012 se lanz\u00f3 en 2012. La Nariz detr\u00e1s de esta fragancia es Fran\u00e7ois Demachy. Las Notas de Salida son toronja (pomelo) y bergamota; las Notas de Coraz\u00f3n son flor de loto, granada y fresia; las Notas de Fondo son almizcle y notas amaderadas.<\/p>\n","protected":false},"featured_media":38397,"comment_status":"open","ping_status":"open","template":"","meta":[],"product_cat":[639,389,342,340,353,354,370,343,339,428,431],"product_tag":[],"class_list":{"0":"post-38395","1":"product","2":"type-product","3":"status-publish","4":"has-post-thumbnail","6":"product_cat-perfumes-de-linea-dama-perfumes-de-linea","7":"product_cat-christian-dior-marca","8":"product_cat-clasificacion","9":"product_cat-concentracion","10":"product_cat-disenador-clasificacion","11":"product_cat-eau-de-toilette-concentracion","12":"product_cat-femenino-genero","13":"product_cat-genero","14":"product_cat-marca","15":"product_cat-perfumes-de-linea","16":"product_cat-perfumes-disenador-perfumes-de-linea","17":"ts_product_brand-christian-dior","19":"first","20":"instock","21":"purchasable","22":"product-type-simple","23":"add-to-wishlist-after_add_to_cart"},"aioseo_notices":[],"_links":{"self":[{"href":"https:\/\/safari.mx\/index.php\/wp-json\/wp\/v2\/product\/38395","targetHints":{"allow":["GET"]}}],"collection":[{"href":"https:\/\/safari.mx\/index.php\/wp-json\/wp\/v2\/product"}],"about":[{"href":"https:\/\/safari.mx\/index.php\/wp-json\/wp\/v2\/types\/product"}],"replies":[{"embeddable":true,"href":"https:\/\/safari.mx\/index.php\/wp-json\/wp\/v2\/comments?post=38395"}],"wp:featuredmedia":[{"embeddable":true,"href":"https:\/\/safari.mx\/index.php\/wp-json\/wp\/v2\/media\/38397"}],"wp:attachment":[{"href":"https:\/\/safari.mx\/index.php\/wp-json\/wp\/v2\/media?parent=38395"}],"wp:term":[{"taxonomy":"product_cat","embeddable":true,"href":"https:\/\/safari.mx\/index.php\/wp-json\/wp\/v2\/product_cat?post=38395"},{"taxonomy":"product_tag","embeddable":true,"href":"https:\/\/safari.mx\/index.php\/wp-json\/wp\/v2\/product_tag?post=38395"}],"curies":[{"name":"wp","href":"https:\/\/api.w.org\/{rel}","templated":true}]}}