{"id":38398,"date":"2024-08-13T15:28:35","date_gmt":"2024-08-13T15:28:35","guid":{"rendered":"https:\/\/safari.mx\/index.php\/product\/dior-addict-100ml-christian-dior\/"},"modified":"2024-08-13T15:28:41","modified_gmt":"2024-08-13T15:28:41","slug":"dior-addict-100ml-christian-dior","status":"publish","type":"product","link":"https:\/\/safari.mx\/index.php\/product\/dior-addict-100ml-christian-dior\/","title":{"rendered":"Dior Addict 100ml &#8211; Christian Dior"},"content":{"rendered":"<p><strong>ACORDES:<\/strong> Floral blanco, c\u00edtrico, avainillado, amaderado, atalcado, florales, fresco.<\/p>\n","protected":false},"excerpt":{"rendered":"<p>Dior Addict Eau de Toilette de Dior es una fragancia de la familia olfativa \u00c1mbar Floral para Mujeres. Dior Addict Eau de Toilette se lanz\u00f3 en 2014. La Nariz detr\u00e1s de esta fragrancia es Fran\u00e7ois Demachy. La Nota de Salida es mandarina siciliana; las Notas de Coraz\u00f3n son jazm\u00edn sambac (sampaguita) y neroli de T\u00fanez; las Notas de Fondo son vainilla y s\u00e1ndalo.<\/p>\n","protected":false},"featured_media":38402,"comment_status":"open","ping_status":"open","template":"","meta":[],"product_cat":[639,389,342,340,353,354,370,343,339,428,431],"product_tag":[],"class_list":{"0":"post-38398","1":"product","2":"type-product","3":"status-publish","4":"has-post-thumbnail","6":"product_cat-perfumes-de-linea-dama-perfumes-de-linea","7":"product_cat-christian-dior-marca","8":"product_cat-clasificacion","9":"product_cat-concentracion","10":"product_cat-disenador-clasificacion","11":"product_cat-eau-de-toilette-concentracion","12":"product_cat-femenino-genero","13":"product_cat-genero","14":"product_cat-marca","15":"product_cat-perfumes-de-linea","16":"product_cat-perfumes-disenador-perfumes-de-linea","17":"ts_product_brand-christian-dior","19":"first","20":"instock","21":"purchasable","22":"product-type-simple","23":"add-to-wishlist-after_add_to_cart"},"aioseo_notices":[],"_links":{"self":[{"href":"https:\/\/safari.mx\/index.php\/wp-json\/wp\/v2\/product\/38398","targetHints":{"allow":["GET"]}}],"collection":[{"href":"https:\/\/safari.mx\/index.php\/wp-json\/wp\/v2\/product"}],"about":[{"href":"https:\/\/safari.mx\/index.php\/wp-json\/wp\/v2\/types\/product"}],"replies":[{"embeddable":true,"href":"https:\/\/safari.mx\/index.php\/wp-json\/wp\/v2\/comments?post=38398"}],"wp:featuredmedia":[{"embeddable":true,"href":"https:\/\/safari.mx\/index.php\/wp-json\/wp\/v2\/media\/38402"}],"wp:attachment":[{"href":"https:\/\/safari.mx\/index.php\/wp-json\/wp\/v2\/media?parent=38398"}],"wp:term":[{"taxonomy":"product_cat","embeddable":true,"href":"https:\/\/safari.mx\/index.php\/wp-json\/wp\/v2\/product_cat?post=38398"},{"taxonomy":"product_tag","embeddable":true,"href":"https:\/\/safari.mx\/index.php\/wp-json\/wp\/v2\/product_tag?post=38398"}],"curies":[{"name":"wp","href":"https:\/\/api.w.org\/{rel}","templated":true}]}}