{"id":38406,"date":"2024-08-13T15:29:04","date_gmt":"2024-08-13T15:29:04","guid":{"rendered":"https:\/\/safari.mx\/index.php\/product\/jadore-150ml-christian-dior\/"},"modified":"2024-08-13T15:29:13","modified_gmt":"2024-08-13T15:29:13","slug":"jadore-150ml-christian-dior","status":"publish","type":"product","link":"https:\/\/safari.mx\/index.php\/product\/jadore-150ml-christian-dior\/","title":{"rendered":"J&#8217;adore 150Ml &#8211; Christian Dior"},"content":{"rendered":"<p><strong>ACORDES:<\/strong> Floral blanco, florales, afrutados, dulce, fresco, acu\u00e1tico, c\u00edtrico, atalcado, oz\u00f3nico, nardos.<\/p>\n","protected":false},"excerpt":{"rendered":"<p>J&#8217;adore de Dior es una fragancia de la familia olfativa Floral Frutal para Mujeres. J&#8217;adore se lanz\u00f3 en 1999. La Nariz detr\u00e1s de esta fragrancia es Calice Becker. Las Notas de Salida son pera, mel\u00f3n, magnolia, durazno (melocot\u00f3n), mandarina y bergamota; las Notas de Coraz\u00f3n son jazm\u00edn, lirio de los valles (muguete), nardos, fresia, rosa, orqu\u00eddea, ciruela y violeta; las Notas de Fondo son almizcle, vainilla, cedro y zarzamora (frambuesa negra). Este perfume es el ganador del premio FiFi Award Best National Advertising Campaign \/ TV 2007.<\/p>\n","protected":false},"featured_media":38407,"comment_status":"open","ping_status":"open","template":"","meta":[],"product_cat":[639,389,342,340,353,362,370,343,339,428,431],"product_tag":[],"class_list":{"0":"post-38406","1":"product","2":"type-product","3":"status-publish","4":"has-post-thumbnail","6":"product_cat-perfumes-de-linea-dama-perfumes-de-linea","7":"product_cat-christian-dior-marca","8":"product_cat-clasificacion","9":"product_cat-concentracion","10":"product_cat-disenador-clasificacion","11":"product_cat-eau-de-parfum-concentracion","12":"product_cat-femenino-genero","13":"product_cat-genero","14":"product_cat-marca","15":"product_cat-perfumes-de-linea","16":"product_cat-perfumes-disenador-perfumes-de-linea","17":"ts_product_brand-christian-dior","19":"first","20":"instock","21":"purchasable","22":"product-type-simple","23":"add-to-wishlist-after_add_to_cart"},"aioseo_notices":[],"_links":{"self":[{"href":"https:\/\/safari.mx\/index.php\/wp-json\/wp\/v2\/product\/38406","targetHints":{"allow":["GET"]}}],"collection":[{"href":"https:\/\/safari.mx\/index.php\/wp-json\/wp\/v2\/product"}],"about":[{"href":"https:\/\/safari.mx\/index.php\/wp-json\/wp\/v2\/types\/product"}],"replies":[{"embeddable":true,"href":"https:\/\/safari.mx\/index.php\/wp-json\/wp\/v2\/comments?post=38406"}],"wp:featuredmedia":[{"embeddable":true,"href":"https:\/\/safari.mx\/index.php\/wp-json\/wp\/v2\/media\/38407"}],"wp:attachment":[{"href":"https:\/\/safari.mx\/index.php\/wp-json\/wp\/v2\/media?parent=38406"}],"wp:term":[{"taxonomy":"product_cat","embeddable":true,"href":"https:\/\/safari.mx\/index.php\/wp-json\/wp\/v2\/product_cat?post=38406"},{"taxonomy":"product_tag","embeddable":true,"href":"https:\/\/safari.mx\/index.php\/wp-json\/wp\/v2\/product_tag?post=38406"}],"curies":[{"name":"wp","href":"https:\/\/api.w.org\/{rel}","templated":true}]}}