{"id":38408,"date":"2024-08-13T15:29:27","date_gmt":"2024-08-13T15:29:27","guid":{"rendered":"https:\/\/safari.mx\/index.php\/product\/jadore-infinissime-100ml-christian-dior\/"},"modified":"2024-08-13T15:29:35","modified_gmt":"2024-08-13T15:29:35","slug":"miss-dior-originale-100ml-christian-dior","status":"publish","type":"product","link":"https:\/\/safari.mx\/index.php\/product\/miss-dior-originale-100ml-christian-dior\/","title":{"rendered":"Miss Dior Originale 100Ml &#8211; Christian Dior"},"content":{"rendered":"<p><strong>ACORDES:<\/strong> Terrosos, verde, musgoso, pachul\u00ed, rosas, amaderado, floral blanco, bals\u00e1mico, arom\u00e1tico, c\u00e1lido especiado.<\/p>\n","protected":false},"excerpt":{"rendered":"<p>Miss Dior Original Extrait de Parfum de Dior es una fragancia de la familia olfativa Chipre Floral para Mujeres. Miss Dior Original Extrait de Parfum se lanz\u00f3 en 2014. La Nariz detr\u00e1s de esta fragrancia es Fran\u00e7ois Demachy.<\/p>\n","protected":false},"featured_media":38415,"comment_status":"open","ping_status":"open","template":"","meta":[],"product_cat":[639,389,342,340,353,354,370,343,339,428,431],"product_tag":[],"class_list":{"0":"post-38408","1":"product","2":"type-product","3":"status-publish","4":"has-post-thumbnail","6":"product_cat-perfumes-de-linea-dama-perfumes-de-linea","7":"product_cat-christian-dior-marca","8":"product_cat-clasificacion","9":"product_cat-concentracion","10":"product_cat-disenador-clasificacion","11":"product_cat-eau-de-toilette-concentracion","12":"product_cat-femenino-genero","13":"product_cat-genero","14":"product_cat-marca","15":"product_cat-perfumes-de-linea","16":"product_cat-perfumes-disenador-perfumes-de-linea","17":"ts_product_brand-christian-dior","19":"first","20":"instock","21":"purchasable","22":"product-type-simple","23":"add-to-wishlist-after_add_to_cart"},"aioseo_notices":[],"_links":{"self":[{"href":"https:\/\/safari.mx\/index.php\/wp-json\/wp\/v2\/product\/38408","targetHints":{"allow":["GET"]}}],"collection":[{"href":"https:\/\/safari.mx\/index.php\/wp-json\/wp\/v2\/product"}],"about":[{"href":"https:\/\/safari.mx\/index.php\/wp-json\/wp\/v2\/types\/product"}],"replies":[{"embeddable":true,"href":"https:\/\/safari.mx\/index.php\/wp-json\/wp\/v2\/comments?post=38408"}],"wp:featuredmedia":[{"embeddable":true,"href":"https:\/\/safari.mx\/index.php\/wp-json\/wp\/v2\/media\/38415"}],"wp:attachment":[{"href":"https:\/\/safari.mx\/index.php\/wp-json\/wp\/v2\/media?parent=38408"}],"wp:term":[{"taxonomy":"product_cat","embeddable":true,"href":"https:\/\/safari.mx\/index.php\/wp-json\/wp\/v2\/product_cat?post=38408"},{"taxonomy":"product_tag","embeddable":true,"href":"https:\/\/safari.mx\/index.php\/wp-json\/wp\/v2\/product_tag?post=38408"}],"curies":[{"name":"wp","href":"https:\/\/api.w.org\/{rel}","templated":true}]}}