{"id":38409,"date":"2024-08-13T15:29:17","date_gmt":"2024-08-13T15:29:17","guid":{"rendered":"https:\/\/safari.mx\/index.php\/product\/jadore-infinissime-100ml-christian-dior-2\/"},"modified":"2024-08-13T15:29:24","modified_gmt":"2024-08-13T15:29:24","slug":"jadore-infinissime-100ml-christian-dior","status":"publish","type":"product","link":"https:\/\/safari.mx\/index.php\/product\/jadore-infinissime-100ml-christian-dior\/","title":{"rendered":"J&#8217;adore Infinissime 100Ml &#8211; Christian Dior"},"content":{"rendered":"<p><strong>ACORDES:<\/strong> Floral blanco, nardos, amaderado, floral amarillo, c\u00edtrico, dulce.<\/p>\n","protected":false},"excerpt":{"rendered":"<p>J&#8217;Adore Infinissime de Dior es una fragancia de la familia olfativa \u00c1mbar Floral para Mujeres. J&#8217;Adore Infinissime se lanz\u00f3 en 2020. La Nariz detr\u00e1s de esta fragrancia es Fran\u00e7ois Demachy. Las Notas de Salida son naranja sanguina, pimienta rosa y bergamota; las Notas de Coraz\u00f3n son nardos, jazm\u00edn sambac (sampaguita), ylang-ylang, lirio de los valles (muguete) y rosa; la Nota de Fondo es s\u00e1ndalo.<\/p>\n","protected":false},"featured_media":38411,"comment_status":"open","ping_status":"open","template":"","meta":[],"product_cat":[639,389,342,340,353,362,370,343,339,428,431],"product_tag":[],"class_list":{"0":"post-38409","1":"product","2":"type-product","3":"status-publish","4":"has-post-thumbnail","6":"product_cat-perfumes-de-linea-dama-perfumes-de-linea","7":"product_cat-christian-dior-marca","8":"product_cat-clasificacion","9":"product_cat-concentracion","10":"product_cat-disenador-clasificacion","11":"product_cat-eau-de-parfum-concentracion","12":"product_cat-femenino-genero","13":"product_cat-genero","14":"product_cat-marca","15":"product_cat-perfumes-de-linea","16":"product_cat-perfumes-disenador-perfumes-de-linea","17":"ts_product_brand-christian-dior","19":"first","20":"instock","21":"purchasable","22":"product-type-simple","23":"add-to-wishlist-after_add_to_cart"},"aioseo_notices":[],"_links":{"self":[{"href":"https:\/\/safari.mx\/index.php\/wp-json\/wp\/v2\/product\/38409","targetHints":{"allow":["GET"]}}],"collection":[{"href":"https:\/\/safari.mx\/index.php\/wp-json\/wp\/v2\/product"}],"about":[{"href":"https:\/\/safari.mx\/index.php\/wp-json\/wp\/v2\/types\/product"}],"replies":[{"embeddable":true,"href":"https:\/\/safari.mx\/index.php\/wp-json\/wp\/v2\/comments?post=38409"}],"wp:featuredmedia":[{"embeddable":true,"href":"https:\/\/safari.mx\/index.php\/wp-json\/wp\/v2\/media\/38411"}],"wp:attachment":[{"href":"https:\/\/safari.mx\/index.php\/wp-json\/wp\/v2\/media?parent=38409"}],"wp:term":[{"taxonomy":"product_cat","embeddable":true,"href":"https:\/\/safari.mx\/index.php\/wp-json\/wp\/v2\/product_cat?post=38409"},{"taxonomy":"product_tag","embeddable":true,"href":"https:\/\/safari.mx\/index.php\/wp-json\/wp\/v2\/product_tag?post=38409"}],"curies":[{"name":"wp","href":"https:\/\/api.w.org\/{rel}","templated":true}]}}