{"id":38470,"date":"2024-08-13T15:30:48","date_gmt":"2024-08-13T15:30:48","guid":{"rendered":"https:\/\/safari.mx\/index.php\/product\/bravo-monsieur-125ml-el-ganso\/"},"modified":"2024-08-13T15:30:53","modified_gmt":"2024-08-13T15:30:53","slug":"bravo-monsieur-125ml-el-ganso","status":"publish","type":"product","link":"https:\/\/safari.mx\/index.php\/product\/bravo-monsieur-125ml-el-ganso\/","title":{"rendered":"Bravo Monsieur 125Ml &#8211; El Ganso"},"content":{"rendered":"<p><strong>ACORDES:<\/strong> Amaderado, atalcado, c\u00e1lido especiado, violeta, arom\u00e1tico, almizclado, bals\u00e1mico, \u00e1mbar.<\/p>\n","protected":false},"excerpt":{"rendered":"<p>Bravo Monsieur de El Ganso es una fragancia de la familia olfativa Amaderada Arom\u00e1tica para Hombres. Bravo Monsieur se lanz\u00f3 en 2019. La Nariz detr\u00e1s de esta fragancia es Doroth\u00e9e Piot. Las Notas de Salida son violeta, cardamomo, incienso y toronja (pomelo); las Notas de Coraz\u00f3n son papiro de Egipto, iris, lavanda y geranio; las Notas de Fondo son s\u00e1ndalo, madera de cachemira, almizcle y vainilla.<\/p>\n","protected":false},"featured_media":38473,"comment_status":"open","ping_status":"open","template":"","meta":[],"product_cat":[583,342,340,353,354,343,339,351,428,430,431],"product_tag":[],"class_list":{"0":"post-38470","1":"product","2":"type-product","3":"status-publish","4":"has-post-thumbnail","6":"product_cat-el-ganso-marca","7":"product_cat-clasificacion","8":"product_cat-concentracion","9":"product_cat-disenador-clasificacion","10":"product_cat-eau-de-toilette-concentracion","11":"product_cat-genero","12":"product_cat-marca","13":"product_cat-masculino-genero","14":"product_cat-perfumes-de-linea","15":"product_cat-perfumes-de-linea-caballero","16":"product_cat-perfumes-disenador-perfumes-de-linea","17":"ts_product_brand-el-ganso","19":"first","20":"instock","21":"purchasable","22":"product-type-simple","23":"add-to-wishlist-after_add_to_cart"},"aioseo_notices":[],"_links":{"self":[{"href":"https:\/\/safari.mx\/index.php\/wp-json\/wp\/v2\/product\/38470","targetHints":{"allow":["GET"]}}],"collection":[{"href":"https:\/\/safari.mx\/index.php\/wp-json\/wp\/v2\/product"}],"about":[{"href":"https:\/\/safari.mx\/index.php\/wp-json\/wp\/v2\/types\/product"}],"replies":[{"embeddable":true,"href":"https:\/\/safari.mx\/index.php\/wp-json\/wp\/v2\/comments?post=38470"}],"wp:featuredmedia":[{"embeddable":true,"href":"https:\/\/safari.mx\/index.php\/wp-json\/wp\/v2\/media\/38473"}],"wp:attachment":[{"href":"https:\/\/safari.mx\/index.php\/wp-json\/wp\/v2\/media?parent=38470"}],"wp:term":[{"taxonomy":"product_cat","embeddable":true,"href":"https:\/\/safari.mx\/index.php\/wp-json\/wp\/v2\/product_cat?post=38470"},{"taxonomy":"product_tag","embeddable":true,"href":"https:\/\/safari.mx\/index.php\/wp-json\/wp\/v2\/product_tag?post=38470"}],"curies":[{"name":"wp","href":"https:\/\/api.w.org\/{rel}","templated":true}]}}