{"id":38500,"date":"2024-08-13T15:31:45","date_gmt":"2024-08-13T15:31:45","guid":{"rendered":"https:\/\/safari.mx\/index.php\/product\/arden-beauty-100ml-elizabeth-arden\/"},"modified":"2024-08-13T15:31:49","modified_gmt":"2024-08-13T15:31:49","slug":"arden-beauty-100ml-elizabeth-arden","status":"publish","type":"product","link":"https:\/\/safari.mx\/index.php\/product\/arden-beauty-100ml-elizabeth-arden\/","title":{"rendered":"Arden Beauty 100ml &#8211; Elizabeth Arden"},"content":{"rendered":"<p><strong>ACORDES:<\/strong> Verde, florales, atalcado, floral blanco, dulce, c\u00e1lido especiado, acu\u00e1tico, arom\u00e1tico, iris, c\u00edtrico.<\/p>\n","protected":false},"excerpt":{"rendered":"<p>Arden Beauty de Elizabeth Arden es una fragancia de la familia olfativa Floral Verde para Mujeres. Arden Beauty se lanz\u00f3 en 2002. La Nariz detr\u00e1s de esta fragrancia es Antoine Lie. Las Notas de Salida son notas verdes, flor de arroz, iris y bergamota; las Notas de Coraz\u00f3n son flor de loto, ruibarbo, azucena, jengibre y orqu\u00eddea; las Notas de Fondo son almizcle, s\u00e1ndalo y \u00e1mbar.<\/p>\n","protected":false},"featured_media":38501,"comment_status":"open","ping_status":"open","template":"","meta":[],"product_cat":[639,342,340,353,362,758,370,343,339,428,431],"product_tag":[],"class_list":{"0":"post-38500","1":"product","2":"type-product","3":"status-publish","4":"has-post-thumbnail","6":"product_cat-perfumes-de-linea-dama-perfumes-de-linea","7":"product_cat-clasificacion","8":"product_cat-concentracion","9":"product_cat-disenador-clasificacion","10":"product_cat-eau-de-parfum-concentracion","11":"product_cat-elizabeth-arden-marca","12":"product_cat-femenino-genero","13":"product_cat-genero","14":"product_cat-marca","15":"product_cat-perfumes-de-linea","16":"product_cat-perfumes-disenador-perfumes-de-linea","17":"ts_product_brand-elizabeth-arden","19":"first","20":"instock","21":"purchasable","22":"product-type-simple","23":"add-to-wishlist-after_add_to_cart"},"aioseo_notices":[],"_links":{"self":[{"href":"https:\/\/safari.mx\/index.php\/wp-json\/wp\/v2\/product\/38500","targetHints":{"allow":["GET"]}}],"collection":[{"href":"https:\/\/safari.mx\/index.php\/wp-json\/wp\/v2\/product"}],"about":[{"href":"https:\/\/safari.mx\/index.php\/wp-json\/wp\/v2\/types\/product"}],"replies":[{"embeddable":true,"href":"https:\/\/safari.mx\/index.php\/wp-json\/wp\/v2\/comments?post=38500"}],"wp:featuredmedia":[{"embeddable":true,"href":"https:\/\/safari.mx\/index.php\/wp-json\/wp\/v2\/media\/38501"}],"wp:attachment":[{"href":"https:\/\/safari.mx\/index.php\/wp-json\/wp\/v2\/media?parent=38500"}],"wp:term":[{"taxonomy":"product_cat","embeddable":true,"href":"https:\/\/safari.mx\/index.php\/wp-json\/wp\/v2\/product_cat?post=38500"},{"taxonomy":"product_tag","embeddable":true,"href":"https:\/\/safari.mx\/index.php\/wp-json\/wp\/v2\/product_tag?post=38500"}],"curies":[{"name":"wp","href":"https:\/\/api.w.org\/{rel}","templated":true}]}}