{"id":38502,"date":"2024-08-13T15:31:50","date_gmt":"2024-08-13T15:31:50","guid":{"rendered":"https:\/\/safari.mx\/index.php\/product\/5th-avenue-125ml-elizabeth-arden\/"},"modified":"2024-08-13T15:31:53","modified_gmt":"2024-08-13T15:31:53","slug":"5th-avenue-125ml-elizabeth-arden","status":"publish","type":"product","link":"https:\/\/safari.mx\/index.php\/product\/5th-avenue-125ml-elizabeth-arden\/","title":{"rendered":"5th Avenue 125ml &#8211; Elizabeth Arden"},"content":{"rendered":"<p><strong>ACORDES:<\/strong> Verde, florales, atalcado, floral blanco, dulce, c\u00e1lido especiado, acu\u00e1tico, arom\u00e1tico, iris, c\u00edtrico.<\/p>\n","protected":false},"excerpt":{"rendered":"<p>5th Avenue de Elizabeth Arden es una fragancia de la familia olfativa Floral para Mujeres. 5th Avenue se lanz\u00f3 en 1996. La Nariz detr\u00e1s de esta fragrancia es Ann Gottlieb. Las Notas de Salida son flor del tilo, lirio de los valles (muguete), lila, magnolia, bergamota y mandarina; las Notas de Coraz\u00f3n son jazm\u00edn, nardos, ylang-ylang, rosa de Bulgaria (rosa Damascena de Bulgaria), durazno (melocot\u00f3n), violeta, clavel y nuez moscada; las Notas de Fondo son almizcle, iris, s\u00e1ndalo, \u00e1mbar, vainilla y clavos de olor.<\/p>\n","protected":false},"featured_media":38503,"comment_status":"open","ping_status":"open","template":"","meta":[],"product_cat":[639,342,340,353,362,758,370,343,339,428,431],"product_tag":[],"class_list":{"0":"post-38502","1":"product","2":"type-product","3":"status-publish","4":"has-post-thumbnail","6":"product_cat-perfumes-de-linea-dama-perfumes-de-linea","7":"product_cat-clasificacion","8":"product_cat-concentracion","9":"product_cat-disenador-clasificacion","10":"product_cat-eau-de-parfum-concentracion","11":"product_cat-elizabeth-arden-marca","12":"product_cat-femenino-genero","13":"product_cat-genero","14":"product_cat-marca","15":"product_cat-perfumes-de-linea","16":"product_cat-perfumes-disenador-perfumes-de-linea","17":"ts_product_brand-elizabeth-arden","19":"first","20":"instock","21":"purchasable","22":"product-type-simple","23":"add-to-wishlist-after_add_to_cart"},"aioseo_notices":[],"_links":{"self":[{"href":"https:\/\/safari.mx\/index.php\/wp-json\/wp\/v2\/product\/38502","targetHints":{"allow":["GET"]}}],"collection":[{"href":"https:\/\/safari.mx\/index.php\/wp-json\/wp\/v2\/product"}],"about":[{"href":"https:\/\/safari.mx\/index.php\/wp-json\/wp\/v2\/types\/product"}],"replies":[{"embeddable":true,"href":"https:\/\/safari.mx\/index.php\/wp-json\/wp\/v2\/comments?post=38502"}],"wp:featuredmedia":[{"embeddable":true,"href":"https:\/\/safari.mx\/index.php\/wp-json\/wp\/v2\/media\/38503"}],"wp:attachment":[{"href":"https:\/\/safari.mx\/index.php\/wp-json\/wp\/v2\/media?parent=38502"}],"wp:term":[{"taxonomy":"product_cat","embeddable":true,"href":"https:\/\/safari.mx\/index.php\/wp-json\/wp\/v2\/product_cat?post=38502"},{"taxonomy":"product_tag","embeddable":true,"href":"https:\/\/safari.mx\/index.php\/wp-json\/wp\/v2\/product_tag?post=38502"}],"curies":[{"name":"wp","href":"https:\/\/api.w.org\/{rel}","templated":true}]}}