{"id":38504,"date":"2024-08-13T15:31:56","date_gmt":"2024-08-13T15:31:56","guid":{"rendered":"https:\/\/safari.mx\/index.php\/product\/green-tea-100ml-elizabeth-arden\/"},"modified":"2024-08-13T15:32:01","modified_gmt":"2024-08-13T15:32:01","slug":"green-tea-100ml-elizabeth-arden","status":"publish","type":"product","link":"https:\/\/safari.mx\/index.php\/product\/green-tea-100ml-elizabeth-arden\/","title":{"rendered":"Green Tea 100ml &#8211; Elizabeth Arden"},"content":{"rendered":"<p><strong>ACORDES:<\/strong> C\u00edtrico, verde, arom\u00e1tico, fresco especiado, fresco.<\/p>\n","protected":false},"excerpt":{"rendered":"<p>Green Tea de Elizabeth Arden es una fragancia de la familia olfativa C\u00edtrica Arom\u00e1tica para Mujeres. Green Tea se lanz\u00f3 en 1999. La Nariz detr\u00e1s de esta fragrancia es Francis Kurkdjian. Las Notas de Salida son lim\u00f3n (lima \u00e1cida), bergamota, menta, c\u00e1scara de naranja y ruibarbo; las Notas de Coraz\u00f3n son jazm\u00edn, musgo de roble, almizcle, hinojo, clavel y \u00e1mbar blanco; las Notas de Fondo son t\u00e9 verde, jazm\u00edn, musgo de roble, almizcle, semillas de apio, alcaravea, clavos de olor y \u00e1mbar.<\/p>\n","protected":false},"featured_media":38505,"comment_status":"open","ping_status":"open","template":"","meta":[],"product_cat":[639,342,340,353,362,758,370,343,339,428,431],"product_tag":[],"class_list":{"0":"post-38504","1":"product","2":"type-product","3":"status-publish","4":"has-post-thumbnail","6":"product_cat-perfumes-de-linea-dama-perfumes-de-linea","7":"product_cat-clasificacion","8":"product_cat-concentracion","9":"product_cat-disenador-clasificacion","10":"product_cat-eau-de-parfum-concentracion","11":"product_cat-elizabeth-arden-marca","12":"product_cat-femenino-genero","13":"product_cat-genero","14":"product_cat-marca","15":"product_cat-perfumes-de-linea","16":"product_cat-perfumes-disenador-perfumes-de-linea","17":"ts_product_brand-elizabeth-arden","19":"first","20":"instock","21":"purchasable","22":"product-type-simple","23":"add-to-wishlist-after_add_to_cart"},"aioseo_notices":[],"_links":{"self":[{"href":"https:\/\/safari.mx\/index.php\/wp-json\/wp\/v2\/product\/38504","targetHints":{"allow":["GET"]}}],"collection":[{"href":"https:\/\/safari.mx\/index.php\/wp-json\/wp\/v2\/product"}],"about":[{"href":"https:\/\/safari.mx\/index.php\/wp-json\/wp\/v2\/types\/product"}],"replies":[{"embeddable":true,"href":"https:\/\/safari.mx\/index.php\/wp-json\/wp\/v2\/comments?post=38504"}],"wp:featuredmedia":[{"embeddable":true,"href":"https:\/\/safari.mx\/index.php\/wp-json\/wp\/v2\/media\/38505"}],"wp:attachment":[{"href":"https:\/\/safari.mx\/index.php\/wp-json\/wp\/v2\/media?parent=38504"}],"wp:term":[{"taxonomy":"product_cat","embeddable":true,"href":"https:\/\/safari.mx\/index.php\/wp-json\/wp\/v2\/product_cat?post=38504"},{"taxonomy":"product_tag","embeddable":true,"href":"https:\/\/safari.mx\/index.php\/wp-json\/wp\/v2\/product_tag?post=38504"}],"curies":[{"name":"wp","href":"https:\/\/api.w.org\/{rel}","templated":true}]}}