{"id":38509,"date":"2024-08-13T15:32:10","date_gmt":"2024-08-13T15:32:10","guid":{"rendered":"https:\/\/safari.mx\/index.php\/product\/5th-avenue-after-five-125ml-elizabeth-arden\/"},"modified":"2024-08-13T15:32:15","modified_gmt":"2024-08-13T15:32:15","slug":"5th-avenue-after-five-125ml-elizabeth-arden","status":"publish","type":"product","link":"https:\/\/safari.mx\/index.php\/product\/5th-avenue-after-five-125ml-elizabeth-arden\/","title":{"rendered":"5th Avenue After Five 125ml &#8211; Elizabeth Arden"},"content":{"rendered":"<p><strong>ACORDES:<\/strong> Floral blanco, cuero, amaderado, afrutados, arom\u00e1tico, ahumado, c\u00e1lido especiado, atalcado, florales, almizclado.<\/p>\n","protected":false},"excerpt":{"rendered":"<p>5th Avenue After Five de Elizabeth Arden es una fragancia de la familia olfativa Almizcle Floral Amaderado para Mujeres. 5th Avenue After Five se lanz\u00f3 en 2005. La Nariz detr\u00e1s de esta fragrancia es Olivier Gillotin. Las Notas de Salida son madreselva, ciruela, cilantro y bergamota; las Notas de Coraz\u00f3n son lirio de los valles (muguete), flor de loto de la India, jazm\u00edn y azafr\u00e1n; las Notas de Fondo son abedul, s\u00e1ndalo, almizcle y haba tonka.<\/p>\n","protected":false},"featured_media":38511,"comment_status":"open","ping_status":"open","template":"","meta":[],"product_cat":[639,342,340,353,362,758,370,343,339,428,431],"product_tag":[],"class_list":{"0":"post-38509","1":"product","2":"type-product","3":"status-publish","4":"has-post-thumbnail","6":"product_cat-perfumes-de-linea-dama-perfumes-de-linea","7":"product_cat-clasificacion","8":"product_cat-concentracion","9":"product_cat-disenador-clasificacion","10":"product_cat-eau-de-parfum-concentracion","11":"product_cat-elizabeth-arden-marca","12":"product_cat-femenino-genero","13":"product_cat-genero","14":"product_cat-marca","15":"product_cat-perfumes-de-linea","16":"product_cat-perfumes-disenador-perfumes-de-linea","17":"ts_product_brand-elizabeth-arden","19":"first","20":"instock","21":"purchasable","22":"product-type-simple","23":"add-to-wishlist-after_add_to_cart"},"aioseo_notices":[],"_links":{"self":[{"href":"https:\/\/safari.mx\/index.php\/wp-json\/wp\/v2\/product\/38509","targetHints":{"allow":["GET"]}}],"collection":[{"href":"https:\/\/safari.mx\/index.php\/wp-json\/wp\/v2\/product"}],"about":[{"href":"https:\/\/safari.mx\/index.php\/wp-json\/wp\/v2\/types\/product"}],"replies":[{"embeddable":true,"href":"https:\/\/safari.mx\/index.php\/wp-json\/wp\/v2\/comments?post=38509"}],"wp:featuredmedia":[{"embeddable":true,"href":"https:\/\/safari.mx\/index.php\/wp-json\/wp\/v2\/media\/38511"}],"wp:attachment":[{"href":"https:\/\/safari.mx\/index.php\/wp-json\/wp\/v2\/media?parent=38509"}],"wp:term":[{"taxonomy":"product_cat","embeddable":true,"href":"https:\/\/safari.mx\/index.php\/wp-json\/wp\/v2\/product_cat?post=38509"},{"taxonomy":"product_tag","embeddable":true,"href":"https:\/\/safari.mx\/index.php\/wp-json\/wp\/v2\/product_tag?post=38509"}],"curies":[{"name":"wp","href":"https:\/\/api.w.org\/{rel}","templated":true}]}}