{"id":38512,"date":"2024-08-13T15:32:18","date_gmt":"2024-08-13T15:32:18","guid":{"rendered":"https:\/\/safari.mx\/index.php\/product\/red-door-100ml-elizabeth-arden\/"},"modified":"2024-08-13T15:32:22","modified_gmt":"2024-08-13T15:32:22","slug":"red-door-100ml-elizabeth-arden","status":"publish","type":"product","link":"https:\/\/safari.mx\/index.php\/product\/red-door-100ml-elizabeth-arden\/","title":{"rendered":"Red Door 100ml &#8211; Elizabeth Arden"},"content":{"rendered":"<p><strong>ACORDES:<\/strong> Florales, floral blanco, dulce, atalcado, amaderado, c\u00e1lido especiado, amielado, rosas, \u00e1mbar, nardos.<\/p>\n","protected":false},"excerpt":{"rendered":"<p>Red Door de Elizabeth Arden es una fragancia de la familia olfativa \u00c1mbar Floral para Mujeres. Red Door se lanz\u00f3 en 1989. La Nariz detr\u00e1s de esta fragancia es Carlos Benaim. Las Notas de Salida son rosa, flor de azahar del naranjo, ciruela, violeta, durazno (melocot\u00f3n) y an\u00eds; las Notas de Coraz\u00f3n son miel, clavel, rosa, nardos, ylang-ylang, jazm\u00edn, azucena, lirio de los valles (muguete), fresia y orqu\u00eddea; las Notas de Fondo son s\u00e1ndalo, \u00e1mbar, benju\u00ed, almizcle, heliotropo, vetiver y cedro.<\/p>\n","protected":false},"featured_media":38513,"comment_status":"open","ping_status":"open","template":"","meta":[],"product_cat":[639,342,340,353,354,758,370,343,339,428,431],"product_tag":[],"class_list":{"0":"post-38512","1":"product","2":"type-product","3":"status-publish","4":"has-post-thumbnail","6":"product_cat-perfumes-de-linea-dama-perfumes-de-linea","7":"product_cat-clasificacion","8":"product_cat-concentracion","9":"product_cat-disenador-clasificacion","10":"product_cat-eau-de-toilette-concentracion","11":"product_cat-elizabeth-arden-marca","12":"product_cat-femenino-genero","13":"product_cat-genero","14":"product_cat-marca","15":"product_cat-perfumes-de-linea","16":"product_cat-perfumes-disenador-perfumes-de-linea","17":"ts_product_brand-elizabeth-arden","19":"first","20":"instock","21":"purchasable","22":"product-type-simple","23":"add-to-wishlist-after_add_to_cart"},"aioseo_notices":[],"_links":{"self":[{"href":"https:\/\/safari.mx\/index.php\/wp-json\/wp\/v2\/product\/38512","targetHints":{"allow":["GET"]}}],"collection":[{"href":"https:\/\/safari.mx\/index.php\/wp-json\/wp\/v2\/product"}],"about":[{"href":"https:\/\/safari.mx\/index.php\/wp-json\/wp\/v2\/types\/product"}],"replies":[{"embeddable":true,"href":"https:\/\/safari.mx\/index.php\/wp-json\/wp\/v2\/comments?post=38512"}],"wp:featuredmedia":[{"embeddable":true,"href":"https:\/\/safari.mx\/index.php\/wp-json\/wp\/v2\/media\/38513"}],"wp:attachment":[{"href":"https:\/\/safari.mx\/index.php\/wp-json\/wp\/v2\/media?parent=38512"}],"wp:term":[{"taxonomy":"product_cat","embeddable":true,"href":"https:\/\/safari.mx\/index.php\/wp-json\/wp\/v2\/product_cat?post=38512"},{"taxonomy":"product_tag","embeddable":true,"href":"https:\/\/safari.mx\/index.php\/wp-json\/wp\/v2\/product_tag?post=38512"}],"curies":[{"name":"wp","href":"https:\/\/api.w.org\/{rel}","templated":true}]}}