{"id":38517,"date":"2024-08-13T15:32:30","date_gmt":"2024-08-13T15:32:30","guid":{"rendered":"https:\/\/safari.mx\/index.php\/product\/splendor-125ml-elizabeth-arden\/"},"modified":"2024-08-13T15:32:35","modified_gmt":"2024-08-13T15:32:35","slug":"splendor-125ml-elizabeth-arden","status":"publish","type":"product","link":"https:\/\/safari.mx\/index.php\/product\/splendor-125ml-elizabeth-arden\/","title":{"rendered":"Splendor 125ml &#8211; Elizabeth Arden"},"content":{"rendered":"<p><strong>ACORDES:<\/strong> Florales, floral blanco, fresco, verde, fresco especiado, rosas.<\/p>\n","protected":false},"excerpt":{"rendered":"<p>Splendor de Elizabeth Arden es una fragancia de la familia olfativa \u00c1mbar Floral para Mujeres. Splendor se lanz\u00f3 en 1998. La Nariz detr\u00e1s de esta fragancia es James Krivda. Las Notas de Salida son jacinto, glicinia, fresia, peon\u00eda, guisante de olor, manzana, bergamota y pi\u00f1a; las Notas de Coraz\u00f3n son lirio de los valles (muguete), azucena, jazm\u00edn, magnolia, rosa de t\u00e9, rosa, orqu\u00eddea y amapola; las Notas de Fondo son almizcle, cedro, s\u00e1ndalo, notas amaderadas oscuras, palo de rosa de Brasil y \u00e1mbar.<\/p>\n","protected":false},"featured_media":38518,"comment_status":"open","ping_status":"open","template":"","meta":[],"product_cat":[639,342,340,353,354,758,370,343,339,428,431],"product_tag":[],"class_list":{"0":"post-38517","1":"product","2":"type-product","3":"status-publish","4":"has-post-thumbnail","6":"product_cat-perfumes-de-linea-dama-perfumes-de-linea","7":"product_cat-clasificacion","8":"product_cat-concentracion","9":"product_cat-disenador-clasificacion","10":"product_cat-eau-de-toilette-concentracion","11":"product_cat-elizabeth-arden-marca","12":"product_cat-femenino-genero","13":"product_cat-genero","14":"product_cat-marca","15":"product_cat-perfumes-de-linea","16":"product_cat-perfumes-disenador-perfumes-de-linea","17":"ts_product_brand-elizabeth-arden","19":"first","20":"instock","21":"purchasable","22":"product-type-simple","23":"add-to-wishlist-after_add_to_cart"},"aioseo_notices":[],"_links":{"self":[{"href":"https:\/\/safari.mx\/index.php\/wp-json\/wp\/v2\/product\/38517","targetHints":{"allow":["GET"]}}],"collection":[{"href":"https:\/\/safari.mx\/index.php\/wp-json\/wp\/v2\/product"}],"about":[{"href":"https:\/\/safari.mx\/index.php\/wp-json\/wp\/v2\/types\/product"}],"replies":[{"embeddable":true,"href":"https:\/\/safari.mx\/index.php\/wp-json\/wp\/v2\/comments?post=38517"}],"wp:featuredmedia":[{"embeddable":true,"href":"https:\/\/safari.mx\/index.php\/wp-json\/wp\/v2\/media\/38518"}],"wp:attachment":[{"href":"https:\/\/safari.mx\/index.php\/wp-json\/wp\/v2\/media?parent=38517"}],"wp:term":[{"taxonomy":"product_cat","embeddable":true,"href":"https:\/\/safari.mx\/index.php\/wp-json\/wp\/v2\/product_cat?post=38517"},{"taxonomy":"product_tag","embeddable":true,"href":"https:\/\/safari.mx\/index.php\/wp-json\/wp\/v2\/product_tag?post=38517"}],"curies":[{"name":"wp","href":"https:\/\/api.w.org\/{rel}","templated":true}]}}