{"id":38521,"date":"2024-08-13T15:32:44","date_gmt":"2024-08-13T15:32:44","guid":{"rendered":"https:\/\/safari.mx\/index.php\/product\/bluetouch-100ml-frank-oliver\/"},"modified":"2024-08-13T15:32:49","modified_gmt":"2024-08-13T15:32:49","slug":"bluetouch-100ml-frank-oliver","status":"publish","type":"product","link":"https:\/\/safari.mx\/index.php\/product\/bluetouch-100ml-frank-oliver\/","title":{"rendered":"BlueTouch 100Ml &#8211; Frank Oliver"},"content":{"rendered":"<p><strong>ACORDES:<\/strong> C\u00edtrico, verde, arom\u00e1tico, almizclado, amaderado, oz\u00f3nico, fresco, acu\u00e1tico, dulce.<\/p>\n","protected":false},"excerpt":{"rendered":"<p>Blue Touch de Franck Olivier es una fragancia de la familia olfativa Amaderada Arom\u00e1tica para Hombres. Blue Touch se lanz\u00f3 en 2011. Las Notas de Salida son lim\u00f3n (lima \u00e1cida), bergamota, notas verdes, naranja tangerina y pimienta rosa; las Notas de Coraz\u00f3n son mel\u00f3n, pachul\u00ed, notas amaderadas, vetiver, salvia y g\u00e1lbano; las Notas de Fondo son almizcle, \u00e1mbar y musgo de roble.<\/p>\n","protected":false},"featured_media":38523,"comment_status":"open","ping_status":"open","template":"","meta":[],"product_cat":[635,342,340,353,354,343,339,351,428,430,431],"product_tag":[],"class_list":{"0":"post-38521","1":"product","2":"type-product","3":"status-publish","4":"has-post-thumbnail","6":"product_cat-franck-olivier","7":"product_cat-clasificacion","8":"product_cat-concentracion","9":"product_cat-disenador-clasificacion","10":"product_cat-eau-de-toilette-concentracion","11":"product_cat-genero","12":"product_cat-marca","13":"product_cat-masculino-genero","14":"product_cat-perfumes-de-linea","15":"product_cat-perfumes-de-linea-caballero","16":"product_cat-perfumes-disenador-perfumes-de-linea","17":"ts_product_brand-franck-olivier","19":"first","20":"instock","21":"purchasable","22":"product-type-simple","23":"add-to-wishlist-after_add_to_cart"},"aioseo_notices":[],"_links":{"self":[{"href":"https:\/\/safari.mx\/index.php\/wp-json\/wp\/v2\/product\/38521","targetHints":{"allow":["GET"]}}],"collection":[{"href":"https:\/\/safari.mx\/index.php\/wp-json\/wp\/v2\/product"}],"about":[{"href":"https:\/\/safari.mx\/index.php\/wp-json\/wp\/v2\/types\/product"}],"replies":[{"embeddable":true,"href":"https:\/\/safari.mx\/index.php\/wp-json\/wp\/v2\/comments?post=38521"}],"wp:featuredmedia":[{"embeddable":true,"href":"https:\/\/safari.mx\/index.php\/wp-json\/wp\/v2\/media\/38523"}],"wp:attachment":[{"href":"https:\/\/safari.mx\/index.php\/wp-json\/wp\/v2\/media?parent=38521"}],"wp:term":[{"taxonomy":"product_cat","embeddable":true,"href":"https:\/\/safari.mx\/index.php\/wp-json\/wp\/v2\/product_cat?post=38521"},{"taxonomy":"product_tag","embeddable":true,"href":"https:\/\/safari.mx\/index.php\/wp-json\/wp\/v2\/product_tag?post=38521"}],"curies":[{"name":"wp","href":"https:\/\/api.w.org\/{rel}","templated":true}]}}