{"id":38547,"date":"2024-08-13T15:34:08","date_gmt":"2024-08-13T15:34:08","guid":{"rendered":"https:\/\/safari.mx\/index.php\/product\/gentleman-100ml-givenchy\/"},"modified":"2024-08-13T15:34:14","modified_gmt":"2024-08-13T15:34:14","slug":"blue-label-100ml-givenchy","status":"publish","type":"product","link":"https:\/\/safari.mx\/index.php\/product\/blue-label-100ml-givenchy\/","title":{"rendered":"Blue Label 100ml &#8211; Givenchy"},"content":{"rendered":"<p><strong>ACORDES:<\/strong> Fresco especiado, c\u00edtrico, arom\u00e1tico, amaderado, c\u00e1lido especiado, lavanda, herbal.<\/p>\n","protected":false},"excerpt":{"rendered":"<p>Givenchy pour Homme Blue Label de Givenchy es una fragancia de la familia olfativa Amaderada Especiada para Hombres. Givenchy pour Homme Blue Label se lanz\u00f3 en 2004. Givenchy pour Homme Blue Label fue creada por Alberto Morillas y Ilias Ermenidis. Las Notas de Salida son toronja (pomelo) y bergamota; las Notas de Coraz\u00f3n son pimienta, lavanda, cardamomo y abr\u00f3tano; las Notas de Fondo son cedro, vetiver y incienso de ol\u00edbano (franquincienso).<\/p>\n","protected":false},"featured_media":38550,"comment_status":"open","ping_status":"open","template":"","meta":[],"product_cat":[342,340,353,354,343,412,339,351,428,430,431],"product_tag":[],"class_list":{"0":"post-38547","1":"product","2":"type-product","3":"status-publish","4":"has-post-thumbnail","6":"product_cat-clasificacion","7":"product_cat-concentracion","8":"product_cat-disenador-clasificacion","9":"product_cat-eau-de-toilette-concentracion","10":"product_cat-genero","11":"product_cat-givenchy-marca","12":"product_cat-marca","13":"product_cat-masculino-genero","14":"product_cat-perfumes-de-linea","15":"product_cat-perfumes-de-linea-caballero","16":"product_cat-perfumes-disenador-perfumes-de-linea","17":"ts_product_brand-givenchy","19":"first","20":"instock","21":"purchasable","22":"product-type-simple","23":"add-to-wishlist-after_add_to_cart"},"aioseo_notices":[],"_links":{"self":[{"href":"https:\/\/safari.mx\/index.php\/wp-json\/wp\/v2\/product\/38547","targetHints":{"allow":["GET"]}}],"collection":[{"href":"https:\/\/safari.mx\/index.php\/wp-json\/wp\/v2\/product"}],"about":[{"href":"https:\/\/safari.mx\/index.php\/wp-json\/wp\/v2\/types\/product"}],"replies":[{"embeddable":true,"href":"https:\/\/safari.mx\/index.php\/wp-json\/wp\/v2\/comments?post=38547"}],"wp:featuredmedia":[{"embeddable":true,"href":"https:\/\/safari.mx\/index.php\/wp-json\/wp\/v2\/media\/38550"}],"wp:attachment":[{"href":"https:\/\/safari.mx\/index.php\/wp-json\/wp\/v2\/media?parent=38547"}],"wp:term":[{"taxonomy":"product_cat","embeddable":true,"href":"https:\/\/safari.mx\/index.php\/wp-json\/wp\/v2\/product_cat?post=38547"},{"taxonomy":"product_tag","embeddable":true,"href":"https:\/\/safari.mx\/index.php\/wp-json\/wp\/v2\/product_tag?post=38547"}],"curies":[{"name":"wp","href":"https:\/\/api.w.org\/{rel}","templated":true}]}}