{"id":38549,"date":"2024-08-13T15:34:00","date_gmt":"2024-08-13T15:34:00","guid":{"rendered":"https:\/\/safari.mx\/index.php\/product\/gentleman-100ml-givenchy\/"},"modified":"2024-08-13T15:34:06","modified_gmt":"2024-08-13T15:34:06","slug":"gentleman-100ml-givenchy","status":"publish","type":"product","link":"https:\/\/safari.mx\/index.php\/product\/gentleman-100ml-givenchy\/","title":{"rendered":"Gentleman 100ml &#8211; Givenchy"},"content":{"rendered":"<p><strong>ACORDES:<\/strong> Iris, afrutados, dulce, atalcado, lavanda, c\u00e1lido especiado, arom\u00e1tico, cuero, terrosos, violeta.<\/p>\n","protected":false},"excerpt":{"rendered":"<p>Gentleman (2017) de Givenchy es una fragancia de la familia olfativa Amaderada Arom\u00e1tica para Hombres. Gentleman (2017) se lanz\u00f3 en 2017. Gentleman (2017) fue creada por Olivier Cresp y Nathalie Lorson. Las Notas de Salida son pera, cardamomo y pi\u00f1a; las Notas de Coraz\u00f3n son iris, lavanda y geranio; las Notas de Fondo son cuero, vaina de vainilla negra y pachul\u00ed.<\/p>\n","protected":false},"featured_media":38548,"comment_status":"open","ping_status":"open","template":"","meta":[],"product_cat":[342,340,353,354,343,412,339,351,428,430,431],"product_tag":[],"class_list":{"0":"post-38549","1":"product","2":"type-product","3":"status-publish","4":"has-post-thumbnail","6":"product_cat-clasificacion","7":"product_cat-concentracion","8":"product_cat-disenador-clasificacion","9":"product_cat-eau-de-toilette-concentracion","10":"product_cat-genero","11":"product_cat-givenchy-marca","12":"product_cat-marca","13":"product_cat-masculino-genero","14":"product_cat-perfumes-de-linea","15":"product_cat-perfumes-de-linea-caballero","16":"product_cat-perfumes-disenador-perfumes-de-linea","17":"ts_product_brand-givenchy","19":"first","20":"instock","21":"purchasable","22":"product-type-simple","23":"add-to-wishlist-after_add_to_cart"},"aioseo_notices":[],"_links":{"self":[{"href":"https:\/\/safari.mx\/index.php\/wp-json\/wp\/v2\/product\/38549","targetHints":{"allow":["GET"]}}],"collection":[{"href":"https:\/\/safari.mx\/index.php\/wp-json\/wp\/v2\/product"}],"about":[{"href":"https:\/\/safari.mx\/index.php\/wp-json\/wp\/v2\/types\/product"}],"replies":[{"embeddable":true,"href":"https:\/\/safari.mx\/index.php\/wp-json\/wp\/v2\/comments?post=38549"}],"wp:featuredmedia":[{"embeddable":true,"href":"https:\/\/safari.mx\/index.php\/wp-json\/wp\/v2\/media\/38548"}],"wp:attachment":[{"href":"https:\/\/safari.mx\/index.php\/wp-json\/wp\/v2\/media?parent=38549"}],"wp:term":[{"taxonomy":"product_cat","embeddable":true,"href":"https:\/\/safari.mx\/index.php\/wp-json\/wp\/v2\/product_cat?post=38549"},{"taxonomy":"product_tag","embeddable":true,"href":"https:\/\/safari.mx\/index.php\/wp-json\/wp\/v2\/product_tag?post=38549"}],"curies":[{"name":"wp","href":"https:\/\/api.w.org\/{rel}","templated":true}]}}