{"id":38551,"date":"2024-08-13T15:34:18","date_gmt":"2024-08-13T15:34:18","guid":{"rendered":"https:\/\/safari.mx\/index.php\/product\/pi-100ml-givenchy\/"},"modified":"2024-10-12T04:26:41","modified_gmt":"2024-10-12T04:26:41","slug":"pi-100ml-givenchy","status":"publish","type":"product","link":"https:\/\/safari.mx\/index.php\/product\/pi-100ml-givenchy\/","title":{"rendered":"Pi 100ml &#8211; Givenchy"},"content":{"rendered":"<p><strong>ACORDES:<\/strong> Avainillado, \u00e1mbar, dulce, almendrado, arom\u00e1tico, nueces, afrutados, c\u00e1lido especiado, fresco especiado, atalcado.<\/p>\n","protected":false},"excerpt":{"rendered":"<p>Pi de Givenchy es una fragancia de la familia olfativa \u00c1mbar Amaderada para Hombres. Pi se lanz\u00f3 en 1998. La Nariz detr\u00e1s de esta fragancia es Alberto Morillas. Las Notas de Salida son mandarina, estrag\u00f3n, romero y albahaca; las Notas de Coraz\u00f3n son an\u00eds, neroli, geranio y lirio de los valles (muguete); las Notas de Fondo son vainilla, almendra, haba tonka, benju\u00ed y cedro.<\/p>\n","protected":false},"featured_media":38553,"comment_status":"open","ping_status":"closed","template":"","meta":[],"product_cat":[342,340,353,354,343,412,339,351,428,430,431],"product_tag":[],"class_list":{"0":"post-38551","1":"product","2":"type-product","3":"status-publish","4":"has-post-thumbnail","6":"product_cat-clasificacion","7":"product_cat-concentracion","8":"product_cat-disenador-clasificacion","9":"product_cat-eau-de-toilette-concentracion","10":"product_cat-genero","11":"product_cat-givenchy-marca","12":"product_cat-marca","13":"product_cat-masculino-genero","14":"product_cat-perfumes-de-linea","15":"product_cat-perfumes-de-linea-caballero","16":"product_cat-perfumes-disenador-perfumes-de-linea","17":"ts_product_brand-givenchy","19":"first","20":"outofstock","21":"purchasable","22":"product-type-simple","23":"add-to-wishlist-after_add_to_cart"},"aioseo_notices":[],"_links":{"self":[{"href":"https:\/\/safari.mx\/index.php\/wp-json\/wp\/v2\/product\/38551","targetHints":{"allow":["GET"]}}],"collection":[{"href":"https:\/\/safari.mx\/index.php\/wp-json\/wp\/v2\/product"}],"about":[{"href":"https:\/\/safari.mx\/index.php\/wp-json\/wp\/v2\/types\/product"}],"replies":[{"embeddable":true,"href":"https:\/\/safari.mx\/index.php\/wp-json\/wp\/v2\/comments?post=38551"}],"wp:featuredmedia":[{"embeddable":true,"href":"https:\/\/safari.mx\/index.php\/wp-json\/wp\/v2\/media\/38553"}],"wp:attachment":[{"href":"https:\/\/safari.mx\/index.php\/wp-json\/wp\/v2\/media?parent=38551"}],"wp:term":[{"taxonomy":"product_cat","embeddable":true,"href":"https:\/\/safari.mx\/index.php\/wp-json\/wp\/v2\/product_cat?post=38551"},{"taxonomy":"product_tag","embeddable":true,"href":"https:\/\/safari.mx\/index.php\/wp-json\/wp\/v2\/product_tag?post=38551"}],"curies":[{"name":"wp","href":"https:\/\/api.w.org\/{rel}","templated":true}]}}