{"id":38556,"date":"2024-08-13T15:34:50","date_gmt":"2024-08-13T15:34:50","guid":{"rendered":"https:\/\/safari.mx\/index.php\/product\/ange-ou-demon-le-secret-100ml-givenchy\/"},"modified":"2024-08-13T15:34:56","modified_gmt":"2024-08-13T15:34:56","slug":"ange-ou-demon-le-secret-100ml-givenchy","status":"publish","type":"product","link":"https:\/\/safari.mx\/index.php\/product\/ange-ou-demon-le-secret-100ml-givenchy\/","title":{"rendered":"Ange ou Demon Le Secret 100ml &#8211; Givenchy"},"content":{"rendered":"<p><strong>ACORDES:<\/strong> Fresco, florales, c\u00edtrico, afrutados, verde, floral blanco, amaderado, fresco especiado, rosas, pachul\u00ed.<\/p>\n","protected":false},"excerpt":{"rendered":"<p>Ange Ou Demon Le Secret de Givenchy es una fragancia de la familia olfativa Floral para Mujeres. Ange Ou Demon Le Secret se lanz\u00f3 en 2009. La Nariz detr\u00e1s de esta fragancia es Bernard Ellena. Las Notas de Salida son t\u00e9, ar\u00e1ndano y lim\u00f3n de Amalfi (lima de Amalfi); las Notas de Coraz\u00f3n son peon\u00eda, jazm\u00edn y nen\u00fafar (lirio de agua); las Notas de Fondo son notas amaderadas y pachul\u00ed.<\/p>\n","protected":false},"featured_media":38557,"comment_status":"open","ping_status":"open","template":"","meta":[],"product_cat":[639,342,340,353,362,370,343,412,339,428,431],"product_tag":[],"class_list":{"0":"post-38556","1":"product","2":"type-product","3":"status-publish","4":"has-post-thumbnail","6":"product_cat-perfumes-de-linea-dama-perfumes-de-linea","7":"product_cat-clasificacion","8":"product_cat-concentracion","9":"product_cat-disenador-clasificacion","10":"product_cat-eau-de-parfum-concentracion","11":"product_cat-femenino-genero","12":"product_cat-genero","13":"product_cat-givenchy-marca","14":"product_cat-marca","15":"product_cat-perfumes-de-linea","16":"product_cat-perfumes-disenador-perfumes-de-linea","17":"ts_product_brand-givenchy","19":"first","20":"instock","21":"purchasable","22":"product-type-simple","23":"add-to-wishlist-after_add_to_cart"},"aioseo_notices":[],"_links":{"self":[{"href":"https:\/\/safari.mx\/index.php\/wp-json\/wp\/v2\/product\/38556","targetHints":{"allow":["GET"]}}],"collection":[{"href":"https:\/\/safari.mx\/index.php\/wp-json\/wp\/v2\/product"}],"about":[{"href":"https:\/\/safari.mx\/index.php\/wp-json\/wp\/v2\/types\/product"}],"replies":[{"embeddable":true,"href":"https:\/\/safari.mx\/index.php\/wp-json\/wp\/v2\/comments?post=38556"}],"wp:featuredmedia":[{"embeddable":true,"href":"https:\/\/safari.mx\/index.php\/wp-json\/wp\/v2\/media\/38557"}],"wp:attachment":[{"href":"https:\/\/safari.mx\/index.php\/wp-json\/wp\/v2\/media?parent=38556"}],"wp:term":[{"taxonomy":"product_cat","embeddable":true,"href":"https:\/\/safari.mx\/index.php\/wp-json\/wp\/v2\/product_cat?post=38556"},{"taxonomy":"product_tag","embeddable":true,"href":"https:\/\/safari.mx\/index.php\/wp-json\/wp\/v2\/product_tag?post=38556"}],"curies":[{"name":"wp","href":"https:\/\/api.w.org\/{rel}","templated":true}]}}