{"id":38559,"date":"2024-08-13T15:35:10","date_gmt":"2024-08-13T15:35:10","guid":{"rendered":"https:\/\/safari.mx\/index.php\/product\/ange-ou-demon-100ml-givenchy\/"},"modified":"2024-08-13T15:35:16","modified_gmt":"2024-08-13T15:35:16","slug":"ange-ou-demon-100ml-givenchy","status":"publish","type":"product","link":"https:\/\/safari.mx\/index.php\/product\/ange-ou-demon-100ml-givenchy\/","title":{"rendered":"Ange ou Demon 100ml &#8211; Givenchy"},"content":{"rendered":"<p><strong>ACORDES:<\/strong> Avainillado, dulce, c\u00e1lido especiado, floral blanco, arom\u00e1tico, amaderado, Floral amarillo, met\u00e1lico, especiado suave, bals\u00e1mico.<\/p>\n","protected":false},"excerpt":{"rendered":"<p>Ange ou Demon de Givenchy es una fragancia de la familia olfativa \u00c1mbar Floral para Mujeres. Ange ou Demon se lanz\u00f3 en 2006. Ange ou Demon fue creada por Olivier Cresp y Jean-Pierre Bethouart. Las Notas de Salida son azafr\u00e1n, tomillo y mandarina; las Notas de Coraz\u00f3n son azucena, ylang-ylang y orqu\u00eddea; las Notas de Fondo son vainilla, haba tonka, palo de rosa de Brasil y musgo de roble.<\/p>\n","protected":false},"featured_media":38561,"comment_status":"open","ping_status":"open","template":"","meta":[],"product_cat":[639,342,340,353,362,370,343,412,339,428,431],"product_tag":[],"class_list":{"0":"post-38559","1":"product","2":"type-product","3":"status-publish","4":"has-post-thumbnail","6":"product_cat-perfumes-de-linea-dama-perfumes-de-linea","7":"product_cat-clasificacion","8":"product_cat-concentracion","9":"product_cat-disenador-clasificacion","10":"product_cat-eau-de-parfum-concentracion","11":"product_cat-femenino-genero","12":"product_cat-genero","13":"product_cat-givenchy-marca","14":"product_cat-marca","15":"product_cat-perfumes-de-linea","16":"product_cat-perfumes-disenador-perfumes-de-linea","17":"ts_product_brand-givenchy","19":"first","20":"instock","21":"purchasable","22":"product-type-simple","23":"add-to-wishlist-after_add_to_cart"},"aioseo_notices":[],"_links":{"self":[{"href":"https:\/\/safari.mx\/index.php\/wp-json\/wp\/v2\/product\/38559","targetHints":{"allow":["GET"]}}],"collection":[{"href":"https:\/\/safari.mx\/index.php\/wp-json\/wp\/v2\/product"}],"about":[{"href":"https:\/\/safari.mx\/index.php\/wp-json\/wp\/v2\/types\/product"}],"replies":[{"embeddable":true,"href":"https:\/\/safari.mx\/index.php\/wp-json\/wp\/v2\/comments?post=38559"}],"wp:featuredmedia":[{"embeddable":true,"href":"https:\/\/safari.mx\/index.php\/wp-json\/wp\/v2\/media\/38561"}],"wp:attachment":[{"href":"https:\/\/safari.mx\/index.php\/wp-json\/wp\/v2\/media?parent=38559"}],"wp:term":[{"taxonomy":"product_cat","embeddable":true,"href":"https:\/\/safari.mx\/index.php\/wp-json\/wp\/v2\/product_cat?post=38559"},{"taxonomy":"product_tag","embeddable":true,"href":"https:\/\/safari.mx\/index.php\/wp-json\/wp\/v2\/product_tag?post=38559"}],"curies":[{"name":"wp","href":"https:\/\/api.w.org\/{rel}","templated":true}]}}