{"id":38562,"date":"2024-08-13T15:35:30","date_gmt":"2024-08-13T15:35:30","guid":{"rendered":"https:\/\/safari.mx\/index.php\/product\/very-irresistible-75ml-givenchy\/"},"modified":"2024-08-13T15:35:36","modified_gmt":"2024-08-13T15:35:36","slug":"very-irresistible-75ml-edt-givenchy","status":"publish","type":"product","link":"https:\/\/safari.mx\/index.php\/product\/very-irresistible-75ml-edt-givenchy\/","title":{"rendered":"Very Irresistible 75ml EDT &#8211; Givenchy"},"content":{"rendered":"<p><strong>ACORDES:<\/strong> Rosas, an\u00eds, especiado suave, florales, c\u00edtrico, pachul\u00ed, atalcado, amaderado, c\u00e1lido especiado.<\/p>\n","protected":false},"excerpt":{"rendered":"<p>Very Irresistible Eau de Toilette de Givenchy es una fragancia de la familia olfativa Floral para Mujeres. Very Irresistible Eau de Toilette se lanz\u00f3 en 2012.<\/p>\n","protected":false},"featured_media":38565,"comment_status":"open","ping_status":"open","template":"","meta":[],"product_cat":[639,342,340,353,354,370,343,412,339,428,431],"product_tag":[],"class_list":{"0":"post-38562","1":"product","2":"type-product","3":"status-publish","4":"has-post-thumbnail","6":"product_cat-perfumes-de-linea-dama-perfumes-de-linea","7":"product_cat-clasificacion","8":"product_cat-concentracion","9":"product_cat-disenador-clasificacion","10":"product_cat-eau-de-toilette-concentracion","11":"product_cat-femenino-genero","12":"product_cat-genero","13":"product_cat-givenchy-marca","14":"product_cat-marca","15":"product_cat-perfumes-de-linea","16":"product_cat-perfumes-disenador-perfumes-de-linea","17":"ts_product_brand-givenchy","19":"first","20":"instock","21":"purchasable","22":"product-type-simple","23":"add-to-wishlist-after_add_to_cart"},"aioseo_notices":[],"_links":{"self":[{"href":"https:\/\/safari.mx\/index.php\/wp-json\/wp\/v2\/product\/38562","targetHints":{"allow":["GET"]}}],"collection":[{"href":"https:\/\/safari.mx\/index.php\/wp-json\/wp\/v2\/product"}],"about":[{"href":"https:\/\/safari.mx\/index.php\/wp-json\/wp\/v2\/types\/product"}],"replies":[{"embeddable":true,"href":"https:\/\/safari.mx\/index.php\/wp-json\/wp\/v2\/comments?post=38562"}],"wp:featuredmedia":[{"embeddable":true,"href":"https:\/\/safari.mx\/index.php\/wp-json\/wp\/v2\/media\/38565"}],"wp:attachment":[{"href":"https:\/\/safari.mx\/index.php\/wp-json\/wp\/v2\/media?parent=38562"}],"wp:term":[{"taxonomy":"product_cat","embeddable":true,"href":"https:\/\/safari.mx\/index.php\/wp-json\/wp\/v2\/product_cat?post=38562"},{"taxonomy":"product_tag","embeddable":true,"href":"https:\/\/safari.mx\/index.php\/wp-json\/wp\/v2\/product_tag?post=38562"}],"curies":[{"name":"wp","href":"https:\/\/api.w.org\/{rel}","templated":true}]}}