{"id":38564,"date":"2024-08-13T15:35:22","date_gmt":"2024-08-13T15:35:22","guid":{"rendered":"https:\/\/safari.mx\/index.php\/product\/very-irresistible-75ml-givenchy\/"},"modified":"2024-08-13T15:35:28","modified_gmt":"2024-08-13T15:35:28","slug":"very-irresistible-75ml-givenchy","status":"publish","type":"product","link":"https:\/\/safari.mx\/index.php\/product\/very-irresistible-75ml-givenchy\/","title":{"rendered":"Very Irresistible 75ml &#8211; Givenchy"},"content":{"rendered":"<p><strong>ACORDES:<\/strong> Florales, rosas, an\u00eds, especiado suave, fresco, avainillado, afrutados, pachul\u00ed, atalcado, dulce.<\/p>\n","protected":false},"excerpt":{"rendered":"<p>Very Irresistible Eau de Parfum de Givenchy es una fragancia de la familia olfativa Floral para Mujeres. Very Irresistible Eau de Parfum se lanz\u00f3 en 2005. Very Irresistible Eau de Parfum fue creada por Dominique Ropion, Sophie Labbe y Carlos Benaim. Las Notas de Salida son an\u00eds estrellado, pera y manzana verde; las Notas de Coraz\u00f3n son rosa de Liv Tyler, rosa, peon\u00eda y magnolia; las Notas de Fondo son rosa, vainilla y pachul\u00ed.<\/p>\n","protected":false},"featured_media":38563,"comment_status":"open","ping_status":"open","template":"","meta":[],"product_cat":[639,342,340,353,362,370,343,412,339,428,431],"product_tag":[],"class_list":{"0":"post-38564","1":"product","2":"type-product","3":"status-publish","4":"has-post-thumbnail","6":"product_cat-perfumes-de-linea-dama-perfumes-de-linea","7":"product_cat-clasificacion","8":"product_cat-concentracion","9":"product_cat-disenador-clasificacion","10":"product_cat-eau-de-parfum-concentracion","11":"product_cat-femenino-genero","12":"product_cat-genero","13":"product_cat-givenchy-marca","14":"product_cat-marca","15":"product_cat-perfumes-de-linea","16":"product_cat-perfumes-disenador-perfumes-de-linea","17":"ts_product_brand-givenchy","19":"first","20":"instock","21":"purchasable","22":"product-type-simple","23":"add-to-wishlist-after_add_to_cart"},"aioseo_notices":[],"_links":{"self":[{"href":"https:\/\/safari.mx\/index.php\/wp-json\/wp\/v2\/product\/38564","targetHints":{"allow":["GET"]}}],"collection":[{"href":"https:\/\/safari.mx\/index.php\/wp-json\/wp\/v2\/product"}],"about":[{"href":"https:\/\/safari.mx\/index.php\/wp-json\/wp\/v2\/types\/product"}],"replies":[{"embeddable":true,"href":"https:\/\/safari.mx\/index.php\/wp-json\/wp\/v2\/comments?post=38564"}],"wp:featuredmedia":[{"embeddable":true,"href":"https:\/\/safari.mx\/index.php\/wp-json\/wp\/v2\/media\/38563"}],"wp:attachment":[{"href":"https:\/\/safari.mx\/index.php\/wp-json\/wp\/v2\/media?parent=38564"}],"wp:term":[{"taxonomy":"product_cat","embeddable":true,"href":"https:\/\/safari.mx\/index.php\/wp-json\/wp\/v2\/product_cat?post=38564"},{"taxonomy":"product_tag","embeddable":true,"href":"https:\/\/safari.mx\/index.php\/wp-json\/wp\/v2\/product_tag?post=38564"}],"curies":[{"name":"wp","href":"https:\/\/api.w.org\/{rel}","templated":true}]}}