{"id":38566,"date":"2024-08-13T15:35:39","date_gmt":"2024-08-13T15:35:39","guid":{"rendered":"https:\/\/safari.mx\/index.php\/product\/amarige-100ml-givenchy\/"},"modified":"2024-08-13T15:35:46","modified_gmt":"2024-08-13T15:35:46","slug":"amarige-100ml-givenchy","status":"publish","type":"product","link":"https:\/\/safari.mx\/index.php\/product\/amarige-100ml-givenchy\/","title":{"rendered":"Amarige 100ml &#8211; Givenchy"},"content":{"rendered":"<p><strong>ACORDES:<\/strong> Floral blanco, dulce, Floral amarillo, amaderado, atalcado, florales, afrutados, nardos, anim\u00e1lico, verde.<\/p>\n","protected":false},"excerpt":{"rendered":"<p>Amarige de Givenchy es una fragancia de la familia olfativa Floral para Mujeres. Amarige se lanz\u00f3 en 1991. La Nariz detr\u00e1s de esta fragancia es Dominique Ropion. Las Notas de Salida son flor de azahar del naranjo, durazno (melocot\u00f3n), ciruela, neroli, palo de rosa de Brasil, violeta y mandarina; las Notas de Coraz\u00f3n son nardos, mimosa, gardenia, ylang-ylang, jazm\u00edn, acacia negra (robinia), clavel, bayas rojas, grosellas negras, rosa, casia y orqu\u00eddea; las Notas de Fondo son s\u00e1ndalo, notas amaderadas, \u00e1mbar, vainilla, almizcle, haba tonka y cedro.<\/p>\n","protected":false},"featured_media":38567,"comment_status":"open","ping_status":"open","template":"","meta":[],"product_cat":[639,342,340,353,354,370,343,412,339,428,431],"product_tag":[],"class_list":{"0":"post-38566","1":"product","2":"type-product","3":"status-publish","4":"has-post-thumbnail","6":"product_cat-perfumes-de-linea-dama-perfumes-de-linea","7":"product_cat-clasificacion","8":"product_cat-concentracion","9":"product_cat-disenador-clasificacion","10":"product_cat-eau-de-toilette-concentracion","11":"product_cat-femenino-genero","12":"product_cat-genero","13":"product_cat-givenchy-marca","14":"product_cat-marca","15":"product_cat-perfumes-de-linea","16":"product_cat-perfumes-disenador-perfumes-de-linea","17":"ts_product_brand-givenchy","19":"first","20":"instock","21":"purchasable","22":"product-type-simple","23":"add-to-wishlist-after_add_to_cart"},"aioseo_notices":[],"_links":{"self":[{"href":"https:\/\/safari.mx\/index.php\/wp-json\/wp\/v2\/product\/38566","targetHints":{"allow":["GET"]}}],"collection":[{"href":"https:\/\/safari.mx\/index.php\/wp-json\/wp\/v2\/product"}],"about":[{"href":"https:\/\/safari.mx\/index.php\/wp-json\/wp\/v2\/types\/product"}],"replies":[{"embeddable":true,"href":"https:\/\/safari.mx\/index.php\/wp-json\/wp\/v2\/comments?post=38566"}],"wp:featuredmedia":[{"embeddable":true,"href":"https:\/\/safari.mx\/index.php\/wp-json\/wp\/v2\/media\/38567"}],"wp:attachment":[{"href":"https:\/\/safari.mx\/index.php\/wp-json\/wp\/v2\/media?parent=38566"}],"wp:term":[{"taxonomy":"product_cat","embeddable":true,"href":"https:\/\/safari.mx\/index.php\/wp-json\/wp\/v2\/product_cat?post=38566"},{"taxonomy":"product_tag","embeddable":true,"href":"https:\/\/safari.mx\/index.php\/wp-json\/wp\/v2\/product_tag?post=38566"}],"curies":[{"name":"wp","href":"https:\/\/api.w.org\/{rel}","templated":true}]}}