{"id":38816,"date":"2024-08-13T15:52:02","date_gmt":"2024-08-13T15:52:02","guid":{"rendered":"https:\/\/safari.mx\/index.php\/product\/guilty-pour-femme-edt-gucci-2\/"},"modified":"2024-08-13T15:52:06","modified_gmt":"2024-08-13T15:52:06","slug":"guilty-pour-femme-edt-gucci-2","status":"publish","type":"product","link":"https:\/\/safari.mx\/index.php\/product\/guilty-pour-femme-edt-gucci-2\/","title":{"rendered":"Guilty Pour Femme EDT &#8211; Gucci"},"content":{"rendered":"<p><strong>ACORDES:<\/strong> Florales, afrutados, almizclado, dulce, especiado suave, fresco, atalcado, \u00e1mbar, verde, pachul\u00ed.<\/p>\n","protected":false},"excerpt":{"rendered":"<p>Gucci Guilty Eau de Toilette de Gucci es una fragancia de la familia olfativa \u00c1mbar Floral para Mujeres. Gucci Guilty Eau de Toilette se lanz\u00f3 en 2021. Las Notas de Salida son pimienta rosa y mandarina; las Notas de Coraz\u00f3n son lila, durazno (melocot\u00f3n), jazm\u00edn, frambuesa, geranio y grosellas negras; las Notas de Fondo son almizcle blanco, \u00e1mbar, pachul\u00ed y vainilla.<\/p>\n","protected":false},"featured_media":38818,"comment_status":"open","ping_status":"open","template":"","meta":[],"product_cat":[639,342,340,353,354,370,343,416,339,428,431],"product_tag":[],"class_list":{"0":"post-38816","1":"product","2":"type-product","3":"status-publish","4":"has-post-thumbnail","6":"product_cat-perfumes-de-linea-dama-perfumes-de-linea","7":"product_cat-clasificacion","8":"product_cat-concentracion","9":"product_cat-disenador-clasificacion","10":"product_cat-eau-de-toilette-concentracion","11":"product_cat-femenino-genero","12":"product_cat-genero","13":"product_cat-gucci-marca","14":"product_cat-marca","15":"product_cat-perfumes-de-linea","16":"product_cat-perfumes-disenador-perfumes-de-linea","17":"ts_product_brand-gucci","19":"first","20":"instock","21":"purchasable","22":"product-type-simple","23":"add-to-wishlist-after_add_to_cart"},"aioseo_notices":[],"_links":{"self":[{"href":"https:\/\/safari.mx\/index.php\/wp-json\/wp\/v2\/product\/38816","targetHints":{"allow":["GET"]}}],"collection":[{"href":"https:\/\/safari.mx\/index.php\/wp-json\/wp\/v2\/product"}],"about":[{"href":"https:\/\/safari.mx\/index.php\/wp-json\/wp\/v2\/types\/product"}],"replies":[{"embeddable":true,"href":"https:\/\/safari.mx\/index.php\/wp-json\/wp\/v2\/comments?post=38816"}],"wp:featuredmedia":[{"embeddable":true,"href":"https:\/\/safari.mx\/index.php\/wp-json\/wp\/v2\/media\/38818"}],"wp:attachment":[{"href":"https:\/\/safari.mx\/index.php\/wp-json\/wp\/v2\/media?parent=38816"}],"wp:term":[{"taxonomy":"product_cat","embeddable":true,"href":"https:\/\/safari.mx\/index.php\/wp-json\/wp\/v2\/product_cat?post=38816"},{"taxonomy":"product_tag","embeddable":true,"href":"https:\/\/safari.mx\/index.php\/wp-json\/wp\/v2\/product_tag?post=38816"}],"curies":[{"name":"wp","href":"https:\/\/api.w.org\/{rel}","templated":true}]}}