{"id":38850,"date":"2024-08-13T15:53:36","date_gmt":"2024-08-13T15:53:36","guid":{"rendered":"https:\/\/safari.mx\/index.php\/product\/guess-for-women-75ml-edp-guess\/"},"modified":"2024-08-13T15:53:41","modified_gmt":"2024-08-13T15:53:41","slug":"guess-for-women-75ml-edp-guess","status":"publish","type":"product","link":"https:\/\/safari.mx\/index.php\/product\/guess-for-women-75ml-edp-guess\/","title":{"rendered":"Guess for Women 75ml EDP &#8211; Guess"},"content":{"rendered":"<p><strong>ACORDES:<\/strong> Florales, afrutados, fresco, c\u00edtrico, dulce, floral blanco, verde.<\/p>\n","protected":false},"excerpt":{"rendered":"<p>Guess for Women de Guess es una fragancia de la familia olfativa Floral Frutal para Mujeres. Guess for Women se lanz\u00f3 en 2006. La Nariz detr\u00e1s de esta fragrancia es Maurice Roucel. Las Notas de Salida son manzana verde, fresa, naranja tangerina y bergamota; las Notas de Coraz\u00f3n son magnolia, peon\u00eda, fresia, lirio de los valles (muguete), bayas rojas, jazm\u00edn, durazno (melocot\u00f3n) y ylang-ylang; las Notas de Fondo son almizcle, cedro, \u00e1mbar y musgo de roble.<\/p>\n","protected":false},"featured_media":38852,"comment_status":"open","ping_status":"open","template":"","meta":[],"product_cat":[639,342,340,353,362,370,343,418,339,428,431],"product_tag":[],"class_list":{"0":"post-38850","1":"product","2":"type-product","3":"status-publish","4":"has-post-thumbnail","6":"product_cat-perfumes-de-linea-dama-perfumes-de-linea","7":"product_cat-clasificacion","8":"product_cat-concentracion","9":"product_cat-disenador-clasificacion","10":"product_cat-eau-de-parfum-concentracion","11":"product_cat-femenino-genero","12":"product_cat-genero","13":"product_cat-guess-marca","14":"product_cat-marca","15":"product_cat-perfumes-de-linea","16":"product_cat-perfumes-disenador-perfumes-de-linea","17":"ts_product_brand-guess","19":"first","20":"instock","21":"purchasable","22":"product-type-simple","23":"add-to-wishlist-after_add_to_cart"},"aioseo_notices":[],"_links":{"self":[{"href":"https:\/\/safari.mx\/index.php\/wp-json\/wp\/v2\/product\/38850","targetHints":{"allow":["GET"]}}],"collection":[{"href":"https:\/\/safari.mx\/index.php\/wp-json\/wp\/v2\/product"}],"about":[{"href":"https:\/\/safari.mx\/index.php\/wp-json\/wp\/v2\/types\/product"}],"replies":[{"embeddable":true,"href":"https:\/\/safari.mx\/index.php\/wp-json\/wp\/v2\/comments?post=38850"}],"wp:featuredmedia":[{"embeddable":true,"href":"https:\/\/safari.mx\/index.php\/wp-json\/wp\/v2\/media\/38852"}],"wp:attachment":[{"href":"https:\/\/safari.mx\/index.php\/wp-json\/wp\/v2\/media?parent=38850"}],"wp:term":[{"taxonomy":"product_cat","embeddable":true,"href":"https:\/\/safari.mx\/index.php\/wp-json\/wp\/v2\/product_cat?post=38850"},{"taxonomy":"product_tag","embeddable":true,"href":"https:\/\/safari.mx\/index.php\/wp-json\/wp\/v2\/product_tag?post=38850"}],"curies":[{"name":"wp","href":"https:\/\/api.w.org\/{rel}","templated":true}]}}