{"id":38871,"date":"2024-08-13T15:55:39","date_gmt":"2024-08-13T15:55:39","guid":{"rendered":"https:\/\/safari.mx\/index.php\/product\/guess-1981-indigo-100ml-edt-guess\/"},"modified":"2024-12-14T05:42:49","modified_gmt":"2024-12-14T05:42:49","slug":"guess-1981-indigo-100ml-edt-guess","status":"publish","type":"product","link":"https:\/\/safari.mx\/index.php\/product\/guess-1981-indigo-100ml-edt-guess\/","title":{"rendered":"Guess 1981 Indigo 100ml EDT &#8211; Guess"},"content":{"rendered":"<p><strong>ACORDES:<\/strong> Dulce, coco, amaderado, afrutados, arom\u00e1tico, atalcado, avainillado, lavanda, almizclado, terrosos.<\/p>\n","protected":false},"excerpt":{"rendered":"<p>Guess 1981 Indigo for Men de Guess es una fragancia de la familia olfativa Amaderada Arom\u00e1tica para Hombres. Guess 1981 Indigo for Men se lanz\u00f3 en 2018. Las Notas de Salida son higo, lavanda azul, salvia y bergamota; las Notas de Coraz\u00f3n son n\u00e9ctar de coco, musgo de roble, iris y haba tonka; las Notas de Fondo son cedro, almizcle y \u00e1mbar.<\/p>\n","protected":false},"featured_media":38896,"comment_status":"open","ping_status":"closed","template":"","meta":[],"product_cat":[342,340,353,354,343,418,339,351,428,430,431],"product_tag":[],"class_list":{"0":"post-38871","1":"product","2":"type-product","3":"status-publish","4":"has-post-thumbnail","6":"product_cat-clasificacion","7":"product_cat-concentracion","8":"product_cat-disenador-clasificacion","9":"product_cat-eau-de-toilette-concentracion","10":"product_cat-genero","11":"product_cat-guess-marca","12":"product_cat-marca","13":"product_cat-masculino-genero","14":"product_cat-perfumes-de-linea","15":"product_cat-perfumes-de-linea-caballero","16":"product_cat-perfumes-disenador-perfumes-de-linea","17":"ts_product_brand-guess","19":"first","20":"instock","21":"purchasable","22":"product-type-simple","23":"add-to-wishlist-after_add_to_cart"},"aioseo_notices":[],"_links":{"self":[{"href":"https:\/\/safari.mx\/index.php\/wp-json\/wp\/v2\/product\/38871","targetHints":{"allow":["GET"]}}],"collection":[{"href":"https:\/\/safari.mx\/index.php\/wp-json\/wp\/v2\/product"}],"about":[{"href":"https:\/\/safari.mx\/index.php\/wp-json\/wp\/v2\/types\/product"}],"replies":[{"embeddable":true,"href":"https:\/\/safari.mx\/index.php\/wp-json\/wp\/v2\/comments?post=38871"}],"wp:featuredmedia":[{"embeddable":true,"href":"https:\/\/safari.mx\/index.php\/wp-json\/wp\/v2\/media\/38896"}],"wp:attachment":[{"href":"https:\/\/safari.mx\/index.php\/wp-json\/wp\/v2\/media?parent=38871"}],"wp:term":[{"taxonomy":"product_cat","embeddable":true,"href":"https:\/\/safari.mx\/index.php\/wp-json\/wp\/v2\/product_cat?post=38871"},{"taxonomy":"product_tag","embeddable":true,"href":"https:\/\/safari.mx\/index.php\/wp-json\/wp\/v2\/product_tag?post=38871"}],"curies":[{"name":"wp","href":"https:\/\/api.w.org\/{rel}","templated":true}]}}