{"id":38876,"date":"2024-08-13T15:54:50","date_gmt":"2024-08-13T15:54:50","guid":{"rendered":"https:\/\/safari.mx\/index.php\/product\/seductive-noir-100ml-edt-guess\/"},"modified":"2024-08-13T15:54:55","modified_gmt":"2024-08-13T15:54:55","slug":"seductive-noir-100ml-edt-guess","status":"publish","type":"product","link":"https:\/\/safari.mx\/index.php\/product\/seductive-noir-100ml-edt-guess\/","title":{"rendered":"Seductive Noir 100ml EDT &#8211; Guess"},"content":{"rendered":"<p><strong>ACORDES:<\/strong> Fresco especiado, afrutados, arom\u00e1tico, c\u00edtrico, \u00e1mbar, lavanda, avainillado, c\u00e1lido especiado, amaderado, dulce.<\/p>\n","protected":false},"excerpt":{"rendered":"<p>Guess Seductive Noir Homme de Guess es una fragancia de la familia olfativa \u00c1mbar Foug\u00e8re para Hombres. Guess Seductive Noir Homme se lanz\u00f3 en 2019. La Nariz detr\u00e1s de esta fragancia es J\u00e9r\u00f4me Epinette. Las Notas de Salida son nuez moscada, toronja (pomelo) y pimienta negra; las Notas de Coraz\u00f3n son manzana, lavanda y flor de azahar del naranjo; las Notas de Fondo son haba tonka, s\u00e1ndalo y Liquidambar.<\/p>\n","protected":false},"featured_media":38878,"comment_status":"open","ping_status":"open","template":"","meta":[],"product_cat":[342,340,353,354,343,418,339,351,428,430,431],"product_tag":[],"class_list":{"0":"post-38876","1":"product","2":"type-product","3":"status-publish","4":"has-post-thumbnail","6":"product_cat-clasificacion","7":"product_cat-concentracion","8":"product_cat-disenador-clasificacion","9":"product_cat-eau-de-toilette-concentracion","10":"product_cat-genero","11":"product_cat-guess-marca","12":"product_cat-marca","13":"product_cat-masculino-genero","14":"product_cat-perfumes-de-linea","15":"product_cat-perfumes-de-linea-caballero","16":"product_cat-perfumes-disenador-perfumes-de-linea","17":"ts_product_brand-guess","19":"first","20":"instock","21":"purchasable","22":"product-type-simple","23":"add-to-wishlist-after_add_to_cart"},"aioseo_notices":[],"_links":{"self":[{"href":"https:\/\/safari.mx\/index.php\/wp-json\/wp\/v2\/product\/38876","targetHints":{"allow":["GET"]}}],"collection":[{"href":"https:\/\/safari.mx\/index.php\/wp-json\/wp\/v2\/product"}],"about":[{"href":"https:\/\/safari.mx\/index.php\/wp-json\/wp\/v2\/types\/product"}],"replies":[{"embeddable":true,"href":"https:\/\/safari.mx\/index.php\/wp-json\/wp\/v2\/comments?post=38876"}],"wp:featuredmedia":[{"embeddable":true,"href":"https:\/\/safari.mx\/index.php\/wp-json\/wp\/v2\/media\/38878"}],"wp:attachment":[{"href":"https:\/\/safari.mx\/index.php\/wp-json\/wp\/v2\/media?parent=38876"}],"wp:term":[{"taxonomy":"product_cat","embeddable":true,"href":"https:\/\/safari.mx\/index.php\/wp-json\/wp\/v2\/product_cat?post=38876"},{"taxonomy":"product_tag","embeddable":true,"href":"https:\/\/safari.mx\/index.php\/wp-json\/wp\/v2\/product_tag?post=38876"}],"curies":[{"name":"wp","href":"https:\/\/api.w.org\/{rel}","templated":true}]}}