{"id":38900,"date":"2024-08-13T15:55:46","date_gmt":"2024-08-13T15:55:46","guid":{"rendered":"https:\/\/safari.mx\/index.php\/product\/guess-by-marciano-100ml-edp-guess\/"},"modified":"2024-08-13T15:55:51","modified_gmt":"2024-08-13T15:55:51","slug":"guess-by-marciano-100ml-edp-guess","status":"publish","type":"product","link":"https:\/\/safari.mx\/index.php\/product\/guess-by-marciano-100ml-edp-guess\/","title":{"rendered":"Guess by Marciano 100ml EDP &#8211; Guess"},"content":{"rendered":"<p><strong>ACORDES:<\/strong> C\u00edtrico, avainillado, afrutados, tropical, c\u00e1lido especiado, atalcado, floral blanco, almizclado, dulce, arom\u00e1tico.<\/p>\n","protected":false},"excerpt":{"rendered":"<p>Guess By Marciano de Guess es una fragancia de la familia olfativa Floral Frutal para Mujeres. La Nariz detr\u00e1s de esta fragancia es Barbara Zoebelein. Las Notas de Salida son curasao, carambola, cardamomo y toronja (pomelo); las Notas de Coraz\u00f3n son madreselva, jazm\u00edn y peon\u00eda; las Notas de Fondo son vainilla, almizcle y notas amaderadas.<\/p>\n","protected":false},"featured_media":38898,"comment_status":"open","ping_status":"open","template":"","meta":[],"product_cat":[639,342,340,353,357,370,343,418,339,428,431],"product_tag":[],"class_list":{"0":"post-38900","1":"product","2":"type-product","3":"status-publish","4":"has-post-thumbnail","6":"product_cat-perfumes-de-linea-dama-perfumes-de-linea","7":"product_cat-clasificacion","8":"product_cat-concentracion","9":"product_cat-disenador-clasificacion","10":"product_cat-extrait-de-parfum-concentracion","11":"product_cat-femenino-genero","12":"product_cat-genero","13":"product_cat-guess-marca","14":"product_cat-marca","15":"product_cat-perfumes-de-linea","16":"product_cat-perfumes-disenador-perfumes-de-linea","17":"ts_product_brand-guess","19":"first","20":"instock","21":"purchasable","22":"product-type-simple","23":"add-to-wishlist-after_add_to_cart"},"aioseo_notices":[],"_links":{"self":[{"href":"https:\/\/safari.mx\/index.php\/wp-json\/wp\/v2\/product\/38900","targetHints":{"allow":["GET"]}}],"collection":[{"href":"https:\/\/safari.mx\/index.php\/wp-json\/wp\/v2\/product"}],"about":[{"href":"https:\/\/safari.mx\/index.php\/wp-json\/wp\/v2\/types\/product"}],"replies":[{"embeddable":true,"href":"https:\/\/safari.mx\/index.php\/wp-json\/wp\/v2\/comments?post=38900"}],"wp:featuredmedia":[{"embeddable":true,"href":"https:\/\/safari.mx\/index.php\/wp-json\/wp\/v2\/media\/38898"}],"wp:attachment":[{"href":"https:\/\/safari.mx\/index.php\/wp-json\/wp\/v2\/media?parent=38900"}],"wp:term":[{"taxonomy":"product_cat","embeddable":true,"href":"https:\/\/safari.mx\/index.php\/wp-json\/wp\/v2\/product_cat?post=38900"},{"taxonomy":"product_tag","embeddable":true,"href":"https:\/\/safari.mx\/index.php\/wp-json\/wp\/v2\/product_tag?post=38900"}],"curies":[{"name":"wp","href":"https:\/\/api.w.org\/{rel}","templated":true}]}}