{"id":38915,"date":"2024-08-13T15:56:23","date_gmt":"2024-08-13T15:56:23","guid":{"rendered":"https:\/\/safari.mx\/index.php\/product\/drakkar-noir-200ml-guy-laroche\/"},"modified":"2024-08-13T15:56:28","modified_gmt":"2024-08-13T15:56:28","slug":"drakkar-noir-200ml-guy-laroche","status":"publish","type":"product","link":"https:\/\/safari.mx\/index.php\/product\/drakkar-noir-200ml-guy-laroche\/","title":{"rendered":"Drakkar Noir 200Ml &#8211; Guy Laroche"},"content":{"rendered":"<p><strong>ACORDES:<\/strong> Arom\u00e1tico, amaderado, fresco especiado, c\u00edtrico, lavanda, terrosos, verde, musgoso.<\/p>\n","protected":false},"excerpt":{"rendered":"<p>Drakkar Noir de Guy Laroche es una fragancia de la familia olfativa Arom\u00e1tica Foug\u00e8re para Hombres. Drakkar Noir se lanz\u00f3 en 1982. La Nariz detr\u00e1s de esta fragancia es Pierre Wargnye. Las Notas de Salida son lavanda, lim\u00f3n (lima \u00e1cida), bergamota, romero, menta, cedr\u00f3n (hierba luisa, verbena de olor), albahaca y abr\u00f3tano; las Notas de Coraz\u00f3n son enebro de Virginia, cilantro, canela, clavel, ajenjo (absenta), ang\u00e9lica y jazm\u00edn; las Notas de Fondo son musgo de roble, agujas de pino, cuero, abeto, s\u00e1ndalo, vetiver, pachul\u00ed, cedro, \u00e1mbar y resinas.<\/p>\n","protected":false},"featured_media":38916,"comment_status":"open","ping_status":"open","template":"","meta":[],"product_cat":[585,342,340,353,354,343,339,351,428,430,431],"product_tag":[],"class_list":{"0":"post-38915","1":"product","2":"type-product","3":"status-publish","4":"has-post-thumbnail","6":"product_cat-guy-laroche-marca","7":"product_cat-clasificacion","8":"product_cat-concentracion","9":"product_cat-disenador-clasificacion","10":"product_cat-eau-de-toilette-concentracion","11":"product_cat-genero","12":"product_cat-marca","13":"product_cat-masculino-genero","14":"product_cat-perfumes-de-linea","15":"product_cat-perfumes-de-linea-caballero","16":"product_cat-perfumes-disenador-perfumes-de-linea","17":"ts_product_brand-guy-laroche","19":"first","20":"instock","21":"purchasable","22":"product-type-simple","23":"add-to-wishlist-after_add_to_cart"},"aioseo_notices":[],"_links":{"self":[{"href":"https:\/\/safari.mx\/index.php\/wp-json\/wp\/v2\/product\/38915","targetHints":{"allow":["GET"]}}],"collection":[{"href":"https:\/\/safari.mx\/index.php\/wp-json\/wp\/v2\/product"}],"about":[{"href":"https:\/\/safari.mx\/index.php\/wp-json\/wp\/v2\/types\/product"}],"replies":[{"embeddable":true,"href":"https:\/\/safari.mx\/index.php\/wp-json\/wp\/v2\/comments?post=38915"}],"wp:featuredmedia":[{"embeddable":true,"href":"https:\/\/safari.mx\/index.php\/wp-json\/wp\/v2\/media\/38916"}],"wp:attachment":[{"href":"https:\/\/safari.mx\/index.php\/wp-json\/wp\/v2\/media?parent=38915"}],"wp:term":[{"taxonomy":"product_cat","embeddable":true,"href":"https:\/\/safari.mx\/index.php\/wp-json\/wp\/v2\/product_cat?post=38915"},{"taxonomy":"product_tag","embeddable":true,"href":"https:\/\/safari.mx\/index.php\/wp-json\/wp\/v2\/product_tag?post=38915"}],"curies":[{"name":"wp","href":"https:\/\/api.w.org\/{rel}","templated":true}]}}