{"id":38925,"date":"2024-08-13T15:56:51","date_gmt":"2024-08-13T15:56:51","guid":{"rendered":"https:\/\/safari.mx\/index.php\/product\/halloween-freesia-100ml-edt-halloween\/"},"modified":"2024-08-13T15:56:55","modified_gmt":"2024-08-13T15:56:55","slug":"halloween-freesia-100ml-edt-halloween","status":"publish","type":"product","link":"https:\/\/safari.mx\/index.php\/product\/halloween-freesia-100ml-edt-halloween\/","title":{"rendered":"Halloween Freesia 100ml EDT &#8211; Halloween"},"content":{"rendered":"<p><strong>ACORDES:<\/strong> Florales, afrutados, amaderado, acu\u00e1tico, floral blanco, fresco, atalcado, dulce, almizclado, verde.<\/p>\n","protected":false},"excerpt":{"rendered":"<p>Halloween Freesia de Halloween es una fragancia de la familia olfativa Floral para Mujeres. Halloween Freesia se lanz\u00f3 en 2006. Las Notas de Salida son pera y cardamomo; las Notas de Coraz\u00f3n son fresia, flor de loto, lirio de los valles (muguete), grosellas negras y durazno (melocot\u00f3n); las Notas de Fondo son almizcle, s\u00e1ndalo y cedro.<\/p>\n","protected":false},"featured_media":38927,"comment_status":"open","ping_status":"open","template":"","meta":[],"product_cat":[639,342,340,353,354,370,343,426,339,428,431],"product_tag":[],"class_list":{"0":"post-38925","1":"product","2":"type-product","3":"status-publish","4":"has-post-thumbnail","6":"product_cat-perfumes-de-linea-dama-perfumes-de-linea","7":"product_cat-clasificacion","8":"product_cat-concentracion","9":"product_cat-disenador-clasificacion","10":"product_cat-eau-de-toilette-concentracion","11":"product_cat-femenino-genero","12":"product_cat-genero","13":"product_cat-halloween-marca","14":"product_cat-marca","15":"product_cat-perfumes-de-linea","16":"product_cat-perfumes-disenador-perfumes-de-linea","17":"ts_product_brand-halloween","19":"first","20":"instock","21":"purchasable","22":"product-type-simple","23":"add-to-wishlist-after_add_to_cart"},"aioseo_notices":[],"_links":{"self":[{"href":"https:\/\/safari.mx\/index.php\/wp-json\/wp\/v2\/product\/38925","targetHints":{"allow":["GET"]}}],"collection":[{"href":"https:\/\/safari.mx\/index.php\/wp-json\/wp\/v2\/product"}],"about":[{"href":"https:\/\/safari.mx\/index.php\/wp-json\/wp\/v2\/types\/product"}],"replies":[{"embeddable":true,"href":"https:\/\/safari.mx\/index.php\/wp-json\/wp\/v2\/comments?post=38925"}],"wp:featuredmedia":[{"embeddable":true,"href":"https:\/\/safari.mx\/index.php\/wp-json\/wp\/v2\/media\/38927"}],"wp:attachment":[{"href":"https:\/\/safari.mx\/index.php\/wp-json\/wp\/v2\/media?parent=38925"}],"wp:term":[{"taxonomy":"product_cat","embeddable":true,"href":"https:\/\/safari.mx\/index.php\/wp-json\/wp\/v2\/product_cat?post=38925"},{"taxonomy":"product_tag","embeddable":true,"href":"https:\/\/safari.mx\/index.php\/wp-json\/wp\/v2\/product_tag?post=38925"}],"curies":[{"name":"wp","href":"https:\/\/api.w.org\/{rel}","templated":true}]}}