{"id":38935,"date":"2024-08-13T15:57:10","date_gmt":"2024-08-13T15:57:10","guid":{"rendered":"https:\/\/safari.mx\/index.php\/product\/purr-100ml-edp-katy-perry\/"},"modified":"2024-08-13T15:57:15","modified_gmt":"2024-08-13T15:57:15","slug":"purr-100ml-edp-katy-perry","status":"publish","type":"product","link":"https:\/\/safari.mx\/index.php\/product\/purr-100ml-edp-katy-perry\/","title":{"rendered":"Purr 100ml EDP &#8211; Katy Perry"},"content":{"rendered":"<p><strong>ACORDES:<\/strong> Dulce, afrutados, avainillado, floral blanco, atalcado, coco, lact\u00f3nico, florales, amaderado, almizclado.<\/p>\n","protected":false},"excerpt":{"rendered":"<p>Purr de Katy Perry es una fragancia de la familia olfativa Floral Frutal para Mujeres. Purr se lanz\u00f3 en 2010. Las Notas de Salida son durazno (melocot\u00f3n), manzana roja, gardenia y bamb\u00fa; las Notas de Coraz\u00f3n son jazm\u00edn, fresia y rosa; las Notas de Fondo son vainilla, coco, orqu\u00eddea, almizcle, \u00e1mbar y s\u00e1ndalo.<\/p>\n","protected":false},"featured_media":38932,"comment_status":"open","ping_status":"open","template":"","meta":[],"product_cat":[639,342,340,353,362,370,343,764,339,428,431],"product_tag":[],"class_list":{"0":"post-38935","1":"product","2":"type-product","3":"status-publish","4":"has-post-thumbnail","6":"product_cat-perfumes-de-linea-dama-perfumes-de-linea","7":"product_cat-clasificacion","8":"product_cat-concentracion","9":"product_cat-disenador-clasificacion","10":"product_cat-eau-de-parfum-concentracion","11":"product_cat-femenino-genero","12":"product_cat-genero","13":"product_cat-katy-perry-marca","14":"product_cat-marca","15":"product_cat-perfumes-de-linea","16":"product_cat-perfumes-disenador-perfumes-de-linea","17":"ts_product_brand-katy-perry","19":"first","20":"instock","21":"purchasable","22":"product-type-simple","23":"add-to-wishlist-after_add_to_cart"},"aioseo_notices":[],"_links":{"self":[{"href":"https:\/\/safari.mx\/index.php\/wp-json\/wp\/v2\/product\/38935","targetHints":{"allow":["GET"]}}],"collection":[{"href":"https:\/\/safari.mx\/index.php\/wp-json\/wp\/v2\/product"}],"about":[{"href":"https:\/\/safari.mx\/index.php\/wp-json\/wp\/v2\/types\/product"}],"replies":[{"embeddable":true,"href":"https:\/\/safari.mx\/index.php\/wp-json\/wp\/v2\/comments?post=38935"}],"wp:featuredmedia":[{"embeddable":true,"href":"https:\/\/safari.mx\/index.php\/wp-json\/wp\/v2\/media\/38932"}],"wp:attachment":[{"href":"https:\/\/safari.mx\/index.php\/wp-json\/wp\/v2\/media?parent=38935"}],"wp:term":[{"taxonomy":"product_cat","embeddable":true,"href":"https:\/\/safari.mx\/index.php\/wp-json\/wp\/v2\/product_cat?post=38935"},{"taxonomy":"product_tag","embeddable":true,"href":"https:\/\/safari.mx\/index.php\/wp-json\/wp\/v2\/product_tag?post=38935"}],"curies":[{"name":"wp","href":"https:\/\/api.w.org\/{rel}","templated":true}]}}