{"id":38981,"date":"2024-08-13T15:59:10","date_gmt":"2024-08-13T15:59:10","guid":{"rendered":"https:\/\/safari.mx\/index.php\/product\/boss-bottled-tonic-200ml-edt-hugo-boss\/"},"modified":"2024-08-13T15:59:16","modified_gmt":"2024-08-13T15:59:16","slug":"boss-bottled-tonic-200ml-edt-hugo-boss","status":"publish","type":"product","link":"https:\/\/safari.mx\/index.php\/product\/boss-bottled-tonic-200ml-edt-hugo-boss\/","title":{"rendered":"Boss Bottled Tonic 200ml EDT &#8211; Hugo Boss"},"content":{"rendered":"<p><strong>ACORDES:<\/strong> C\u00edtrico, c\u00e1lido especiado, fresco, arom\u00e1tico, fresco especiado, afrutados, amaderado, canela, verde.<\/p>\n","protected":false},"excerpt":{"rendered":"<p>Boss Bottled Tonic de Hugo Boss es una fragancia de la familia olfativa Amaderada Especiada para Hombres. Boss Bottled Tonic se lanz\u00f3 en 2017. Las Notas de Salida son manzana, naranja amarga, toronja (pomelo) y lim\u00f3n (lima \u00e1cida); las Notas de Coraz\u00f3n son jengibre, canela, geranio y clavos de olor; las Notas de Fondo son notas amaderadas y vetiver.<\/p>\n","protected":false},"featured_media":38984,"comment_status":"open","ping_status":"open","template":"","meta":[],"product_cat":[342,340,353,354,343,420,339,351,428,430,431],"product_tag":[],"class_list":{"0":"post-38981","1":"product","2":"type-product","3":"status-publish","4":"has-post-thumbnail","6":"product_cat-clasificacion","7":"product_cat-concentracion","8":"product_cat-disenador-clasificacion","9":"product_cat-eau-de-toilette-concentracion","10":"product_cat-genero","11":"product_cat-hugo-boss-marca","12":"product_cat-marca","13":"product_cat-masculino-genero","14":"product_cat-perfumes-de-linea","15":"product_cat-perfumes-de-linea-caballero","16":"product_cat-perfumes-disenador-perfumes-de-linea","17":"ts_product_brand-hugo-boss","19":"first","20":"instock","21":"purchasable","22":"product-type-simple","23":"add-to-wishlist-after_add_to_cart"},"aioseo_notices":[],"_links":{"self":[{"href":"https:\/\/safari.mx\/index.php\/wp-json\/wp\/v2\/product\/38981","targetHints":{"allow":["GET"]}}],"collection":[{"href":"https:\/\/safari.mx\/index.php\/wp-json\/wp\/v2\/product"}],"about":[{"href":"https:\/\/safari.mx\/index.php\/wp-json\/wp\/v2\/types\/product"}],"replies":[{"embeddable":true,"href":"https:\/\/safari.mx\/index.php\/wp-json\/wp\/v2\/comments?post=38981"}],"wp:featuredmedia":[{"embeddable":true,"href":"https:\/\/safari.mx\/index.php\/wp-json\/wp\/v2\/media\/38984"}],"wp:attachment":[{"href":"https:\/\/safari.mx\/index.php\/wp-json\/wp\/v2\/media?parent=38981"}],"wp:term":[{"taxonomy":"product_cat","embeddable":true,"href":"https:\/\/safari.mx\/index.php\/wp-json\/wp\/v2\/product_cat?post=38981"},{"taxonomy":"product_tag","embeddable":true,"href":"https:\/\/safari.mx\/index.php\/wp-json\/wp\/v2\/product_tag?post=38981"}],"curies":[{"name":"wp","href":"https:\/\/api.w.org\/{rel}","templated":true}]}}