{"id":39006,"date":"2024-08-13T16:00:29","date_gmt":"2024-08-13T16:00:29","guid":{"rendered":"https:\/\/safari.mx\/index.php\/product\/boss-number-one-125ml-edt-hugo-boss\/"},"modified":"2024-08-13T16:00:33","modified_gmt":"2024-08-13T16:00:33","slug":"boss-number-one-125ml-edt-hugo-boss","status":"publish","type":"product","link":"https:\/\/safari.mx\/index.php\/product\/boss-number-one-125ml-edt-hugo-boss\/","title":{"rendered":"Boss Number One 125ml EDT &#8211; Hugo Boss"},"content":{"rendered":"<p><strong>ACORDES:<\/strong> Arom\u00e1tico, amaderado, fresco especiado, amielado, dulce, tabaco, terrosos, herbal, c\u00e1lido especiado, musgoso.<\/p>\n","protected":false},"excerpt":{"rendered":"<p>Boss Number One de Hugo Boss es una fragancia de la familia olfativa Arom\u00e1tica Foug\u00e8re para Hombres. Boss Number One se lanz\u00f3 en 1985. La Nariz detr\u00e1s de esta fragancia es Pierre Wargnye. Las Notas de Salida son abr\u00f3tano, enebro de Virginia, bergamota, lim\u00f3n (lima \u00e1cida), manzana verde, alcaravea, albahaca y toronja (pomelo); las Notas de Coraz\u00f3n son miel, lavanda, rosa, jazm\u00edn, salvia, geranio, lirio de los valles (muguete) y ra\u00edz de lirio; las Notas de Fondo son tabaco, musgo de roble, pachul\u00ed, s\u00e1ndalo, almizcle, \u00e1mbar, canela y cedro.<\/p>\n","protected":false},"featured_media":39007,"comment_status":"open","ping_status":"open","template":"","meta":[],"product_cat":[342,340,353,354,343,420,339,351,428,430,431],"product_tag":[],"class_list":{"0":"post-39006","1":"product","2":"type-product","3":"status-publish","4":"has-post-thumbnail","6":"product_cat-clasificacion","7":"product_cat-concentracion","8":"product_cat-disenador-clasificacion","9":"product_cat-eau-de-toilette-concentracion","10":"product_cat-genero","11":"product_cat-hugo-boss-marca","12":"product_cat-marca","13":"product_cat-masculino-genero","14":"product_cat-perfumes-de-linea","15":"product_cat-perfumes-de-linea-caballero","16":"product_cat-perfumes-disenador-perfumes-de-linea","17":"ts_product_brand-hugo-boss","19":"first","20":"instock","21":"purchasable","22":"product-type-simple","23":"add-to-wishlist-after_add_to_cart"},"aioseo_notices":[],"_links":{"self":[{"href":"https:\/\/safari.mx\/index.php\/wp-json\/wp\/v2\/product\/39006","targetHints":{"allow":["GET"]}}],"collection":[{"href":"https:\/\/safari.mx\/index.php\/wp-json\/wp\/v2\/product"}],"about":[{"href":"https:\/\/safari.mx\/index.php\/wp-json\/wp\/v2\/types\/product"}],"replies":[{"embeddable":true,"href":"https:\/\/safari.mx\/index.php\/wp-json\/wp\/v2\/comments?post=39006"}],"wp:featuredmedia":[{"embeddable":true,"href":"https:\/\/safari.mx\/index.php\/wp-json\/wp\/v2\/media\/39007"}],"wp:attachment":[{"href":"https:\/\/safari.mx\/index.php\/wp-json\/wp\/v2\/media?parent=39006"}],"wp:term":[{"taxonomy":"product_cat","embeddable":true,"href":"https:\/\/safari.mx\/index.php\/wp-json\/wp\/v2\/product_cat?post=39006"},{"taxonomy":"product_tag","embeddable":true,"href":"https:\/\/safari.mx\/index.php\/wp-json\/wp\/v2\/product_tag?post=39006"}],"curies":[{"name":"wp","href":"https:\/\/api.w.org\/{rel}","templated":true}]}}