{"id":39050,"date":"2024-08-13T16:01:55","date_gmt":"2024-08-13T16:01:55","guid":{"rendered":"https:\/\/safari.mx\/index.php\/product\/scandal-80ml-jean-paul-gaultier\/"},"modified":"2024-08-13T16:01:59","modified_gmt":"2024-08-13T16:01:59","slug":"scandal-80ml-jean-paul-gaultier","status":"publish","type":"product","link":"https:\/\/safari.mx\/index.php\/product\/scandal-80ml-jean-paul-gaultier\/","title":{"rendered":"Scandal 80Ml &#8211; Jean Paul Gaultier"},"content":{"rendered":"<p><strong>ACORDES:<\/strong> Amielado, dulce, floral blanco, c\u00edtrico, caramelo, anim\u00e1lico, cera de abeja, pachul\u00ed, florales, amaderado.<\/p>\n","protected":false},"excerpt":{"rendered":"<p>Scandal de Jean Paul Gaultier es una fragancia de la familia olfativa Chipre Floral para Mujeres. Scandal se lanz\u00f3 en 2017. Scandal fue creada por Daphn\u00e9 Bugey, Fabrice Pellegrin y Christophe Raynaud. Las Notas de Salida son naranja sanguina y mandarina; las Notas de Coraz\u00f3n son miel, gardenia, flor de azahar del naranjo, jazm\u00edn y durazno (melocot\u00f3n); las Notas de Fondo son cera de abeja, caramelo, pachul\u00ed y regaliz.<\/p>\n","protected":false},"featured_media":39052,"comment_status":"open","ping_status":"open","template":"","meta":[],"product_cat":[639,342,340,353,362,370,343,424,339,428,431],"product_tag":[],"class_list":{"0":"post-39050","1":"product","2":"type-product","3":"status-publish","4":"has-post-thumbnail","6":"product_cat-perfumes-de-linea-dama-perfumes-de-linea","7":"product_cat-clasificacion","8":"product_cat-concentracion","9":"product_cat-disenador-clasificacion","10":"product_cat-eau-de-parfum-concentracion","11":"product_cat-femenino-genero","12":"product_cat-genero","13":"product_cat-jean-paul-gaultier-marca","14":"product_cat-marca","15":"product_cat-perfumes-de-linea","16":"product_cat-perfumes-disenador-perfumes-de-linea","17":"ts_product_brand-jean-paul-gaultier","19":"first","20":"instock","21":"purchasable","22":"product-type-simple","23":"add-to-wishlist-after_add_to_cart"},"aioseo_notices":[],"_links":{"self":[{"href":"https:\/\/safari.mx\/index.php\/wp-json\/wp\/v2\/product\/39050","targetHints":{"allow":["GET"]}}],"collection":[{"href":"https:\/\/safari.mx\/index.php\/wp-json\/wp\/v2\/product"}],"about":[{"href":"https:\/\/safari.mx\/index.php\/wp-json\/wp\/v2\/types\/product"}],"replies":[{"embeddable":true,"href":"https:\/\/safari.mx\/index.php\/wp-json\/wp\/v2\/comments?post=39050"}],"wp:featuredmedia":[{"embeddable":true,"href":"https:\/\/safari.mx\/index.php\/wp-json\/wp\/v2\/media\/39052"}],"wp:attachment":[{"href":"https:\/\/safari.mx\/index.php\/wp-json\/wp\/v2\/media?parent=39050"}],"wp:term":[{"taxonomy":"product_cat","embeddable":true,"href":"https:\/\/safari.mx\/index.php\/wp-json\/wp\/v2\/product_cat?post=39050"},{"taxonomy":"product_tag","embeddable":true,"href":"https:\/\/safari.mx\/index.php\/wp-json\/wp\/v2\/product_tag?post=39050"}],"curies":[{"name":"wp","href":"https:\/\/api.w.org\/{rel}","templated":true}]}}