{"id":39056,"date":"2024-08-13T16:02:11","date_gmt":"2024-08-13T16:02:11","guid":{"rendered":"https:\/\/safari.mx\/index.php\/product\/scandal-la-belle-100ml-jean-paul-gaultier\/"},"modified":"2024-08-13T16:02:18","modified_gmt":"2024-08-13T16:02:18","slug":"scandal-la-belle-100ml-jean-paul-gaultier","status":"publish","type":"product","link":"https:\/\/safari.mx\/index.php\/product\/scandal-la-belle-100ml-jean-paul-gaultier\/","title":{"rendered":"Scandal La Belle 100ml &#8211; Jean Paul Gaultier"},"content":{"rendered":"<p><strong>ACORDES:<\/strong> Avainillado, afrutados, dulce, atalcado, acu\u00e1tico, arom\u00e1tico, amaderado, \u00e1mbar, fresco, terrosos.<\/p>\n","protected":false},"excerpt":{"rendered":"<p>La Belle de Jean Paul Gaultier es una fragancia de la familia olfativa \u00c1mbar Vainilla para Mujeres. La Belle se lanz\u00f3 en 2019. La Belle fue creada por Quentin Bisch y Sonia Constant. Las Notas de Salida son pera y bergamota; las Notas de Coraz\u00f3n son notas florales y cuero; las Notas de Fondo son vainilla, vetiver, \u00e1mbar y almizcle.<\/p>\n","protected":false},"featured_media":39057,"comment_status":"open","ping_status":"open","template":"","meta":[],"product_cat":[639,342,340,353,362,370,343,424,339,428,431],"product_tag":[],"class_list":{"0":"post-39056","1":"product","2":"type-product","3":"status-publish","4":"has-post-thumbnail","6":"product_cat-perfumes-de-linea-dama-perfumes-de-linea","7":"product_cat-clasificacion","8":"product_cat-concentracion","9":"product_cat-disenador-clasificacion","10":"product_cat-eau-de-parfum-concentracion","11":"product_cat-femenino-genero","12":"product_cat-genero","13":"product_cat-jean-paul-gaultier-marca","14":"product_cat-marca","15":"product_cat-perfumes-de-linea","16":"product_cat-perfumes-disenador-perfumes-de-linea","17":"ts_product_brand-jean-paul-gaultier","19":"first","20":"instock","21":"purchasable","22":"product-type-simple","23":"add-to-wishlist-after_add_to_cart"},"aioseo_notices":[],"_links":{"self":[{"href":"https:\/\/safari.mx\/index.php\/wp-json\/wp\/v2\/product\/39056","targetHints":{"allow":["GET"]}}],"collection":[{"href":"https:\/\/safari.mx\/index.php\/wp-json\/wp\/v2\/product"}],"about":[{"href":"https:\/\/safari.mx\/index.php\/wp-json\/wp\/v2\/types\/product"}],"replies":[{"embeddable":true,"href":"https:\/\/safari.mx\/index.php\/wp-json\/wp\/v2\/comments?post=39056"}],"wp:featuredmedia":[{"embeddable":true,"href":"https:\/\/safari.mx\/index.php\/wp-json\/wp\/v2\/media\/39057"}],"wp:attachment":[{"href":"https:\/\/safari.mx\/index.php\/wp-json\/wp\/v2\/media?parent=39056"}],"wp:term":[{"taxonomy":"product_cat","embeddable":true,"href":"https:\/\/safari.mx\/index.php\/wp-json\/wp\/v2\/product_cat?post=39056"},{"taxonomy":"product_tag","embeddable":true,"href":"https:\/\/safari.mx\/index.php\/wp-json\/wp\/v2\/product_tag?post=39056"}],"curies":[{"name":"wp","href":"https:\/\/api.w.org\/{rel}","templated":true}]}}