{"id":39062,"date":"2024-08-13T16:02:30","date_gmt":"2024-08-13T16:02:30","guid":{"rendered":"https:\/\/safari.mx\/index.php\/product\/classique-100ml-jean-paul-gaultier\/"},"modified":"2024-08-13T16:02:36","modified_gmt":"2024-08-13T16:02:36","slug":"classique-100ml-jean-paul-gaultier","status":"publish","type":"product","link":"https:\/\/safari.mx\/index.php\/product\/classique-100ml-jean-paul-gaultier\/","title":{"rendered":"Classique 100ml &#8211; Jean Paul Gaultier"},"content":{"rendered":"<p><strong>ACORDES:<\/strong> Floral blanco, dulce, atalcado, c\u00edtrico, avainillado, especiado suave, florales, c\u00e1lido especiado, an\u00eds, Floral amarillo.<\/p>\n","protected":false},"excerpt":{"rendered":"<p>Classique de Jean Paul Gaultier es una fragancia de la familia olfativa \u00c1mbar Floral para Mujeres. Classique se lanz\u00f3 en 1993. La Nariz detr\u00e1s de esta fragancia es Jacques Cavallier. Las Notas de Salida son flor de azahar del naranjo, an\u00eds estrellado, rosa, mandarina, pera y bergamota; las Notas de Coraz\u00f3n son ylang-ylang, jengibre, orqu\u00eddea, iris, nardos y ciruela; las Notas de Fondo son vainilla, \u00e1mbar, almizcle, canela y s\u00e1ndalo.<\/p>\n","protected":false},"featured_media":39063,"comment_status":"open","ping_status":"open","template":"","meta":[],"product_cat":[639,342,340,353,362,370,343,424,339,428,431],"product_tag":[],"class_list":{"0":"post-39062","1":"product","2":"type-product","3":"status-publish","4":"has-post-thumbnail","6":"product_cat-perfumes-de-linea-dama-perfumes-de-linea","7":"product_cat-clasificacion","8":"product_cat-concentracion","9":"product_cat-disenador-clasificacion","10":"product_cat-eau-de-parfum-concentracion","11":"product_cat-femenino-genero","12":"product_cat-genero","13":"product_cat-jean-paul-gaultier-marca","14":"product_cat-marca","15":"product_cat-perfumes-de-linea","16":"product_cat-perfumes-disenador-perfumes-de-linea","17":"ts_product_brand-jean-paul-gaultier","19":"first","20":"instock","21":"purchasable","22":"product-type-simple","23":"add-to-wishlist-after_add_to_cart"},"aioseo_notices":[],"_links":{"self":[{"href":"https:\/\/safari.mx\/index.php\/wp-json\/wp\/v2\/product\/39062","targetHints":{"allow":["GET"]}}],"collection":[{"href":"https:\/\/safari.mx\/index.php\/wp-json\/wp\/v2\/product"}],"about":[{"href":"https:\/\/safari.mx\/index.php\/wp-json\/wp\/v2\/types\/product"}],"replies":[{"embeddable":true,"href":"https:\/\/safari.mx\/index.php\/wp-json\/wp\/v2\/comments?post=39062"}],"wp:featuredmedia":[{"embeddable":true,"href":"https:\/\/safari.mx\/index.php\/wp-json\/wp\/v2\/media\/39063"}],"wp:attachment":[{"href":"https:\/\/safari.mx\/index.php\/wp-json\/wp\/v2\/media?parent=39062"}],"wp:term":[{"taxonomy":"product_cat","embeddable":true,"href":"https:\/\/safari.mx\/index.php\/wp-json\/wp\/v2\/product_cat?post=39062"},{"taxonomy":"product_tag","embeddable":true,"href":"https:\/\/safari.mx\/index.php\/wp-json\/wp\/v2\/product_tag?post=39062"}],"curies":[{"name":"wp","href":"https:\/\/api.w.org\/{rel}","templated":true}]}}