{"id":39066,"date":"2024-08-13T16:02:48","date_gmt":"2024-08-13T16:02:48","guid":{"rendered":"https:\/\/safari.mx\/index.php\/product\/urban-hero-100ml-jimmy-choo\/"},"modified":"2024-08-13T16:02:55","modified_gmt":"2024-08-13T16:02:55","slug":"man-aqua-100ml-jimmy-choo","status":"publish","type":"product","link":"https:\/\/safari.mx\/index.php\/product\/man-aqua-100ml-jimmy-choo\/","title":{"rendered":"Man Aqua 100Ml &#8211; Jimmy Choo"},"content":{"rendered":"<p><strong>ACORDES:<\/strong> Arom\u00e1tico, marino, c\u00e1lido especiado, c\u00edtrico, pachul\u00ed, terrosos, especiado suave, amaderado, musgoso, salado.<\/p>\n","protected":false},"excerpt":{"rendered":"<p>Jimmy Choo Man Aqua de Jimmy Choo es una fragancia de la familia olfativa Arom\u00e1tica Acu\u00e1tica para Hombres. Esta fragancia es nueva. Jimmy Choo Man Aqua se lanz\u00f3 en 2022. Jimmy Choo Man Aqua fue creada por Paul Guerlain y Julien Rasquinet. Las Notas de Salida son toronja (pomelo) y cardamomo; las Notas de Coraz\u00f3n son agua de mar y esclarea; las Notas de Fondo son pachul\u00ed y musgo.<\/p>\n","protected":false},"featured_media":39069,"comment_status":"open","ping_status":"open","template":"","meta":[],"product_cat":[531,342,340,353,354,343,339,351,428,430,431],"product_tag":[],"class_list":{"0":"post-39066","1":"product","2":"type-product","3":"status-publish","4":"has-post-thumbnail","6":"product_cat-jimmy-choo-marca","7":"product_cat-clasificacion","8":"product_cat-concentracion","9":"product_cat-disenador-clasificacion","10":"product_cat-eau-de-toilette-concentracion","11":"product_cat-genero","12":"product_cat-marca","13":"product_cat-masculino-genero","14":"product_cat-perfumes-de-linea","15":"product_cat-perfumes-de-linea-caballero","16":"product_cat-perfumes-disenador-perfumes-de-linea","17":"ts_product_brand-jimmy-choo","19":"first","20":"instock","21":"purchasable","22":"product-type-simple","23":"add-to-wishlist-after_add_to_cart"},"aioseo_notices":[],"_links":{"self":[{"href":"https:\/\/safari.mx\/index.php\/wp-json\/wp\/v2\/product\/39066","targetHints":{"allow":["GET"]}}],"collection":[{"href":"https:\/\/safari.mx\/index.php\/wp-json\/wp\/v2\/product"}],"about":[{"href":"https:\/\/safari.mx\/index.php\/wp-json\/wp\/v2\/types\/product"}],"replies":[{"embeddable":true,"href":"https:\/\/safari.mx\/index.php\/wp-json\/wp\/v2\/comments?post=39066"}],"wp:featuredmedia":[{"embeddable":true,"href":"https:\/\/safari.mx\/index.php\/wp-json\/wp\/v2\/media\/39069"}],"wp:attachment":[{"href":"https:\/\/safari.mx\/index.php\/wp-json\/wp\/v2\/media?parent=39066"}],"wp:term":[{"taxonomy":"product_cat","embeddable":true,"href":"https:\/\/safari.mx\/index.php\/wp-json\/wp\/v2\/product_cat?post=39066"},{"taxonomy":"product_tag","embeddable":true,"href":"https:\/\/safari.mx\/index.php\/wp-json\/wp\/v2\/product_tag?post=39066"}],"curies":[{"name":"wp","href":"https:\/\/api.w.org\/{rel}","templated":true}]}}