{"id":39070,"date":"2024-08-13T16:02:59","date_gmt":"2024-08-13T16:02:59","guid":{"rendered":"https:\/\/safari.mx\/index.php\/product\/urban-hero-100ml-jimmy-choo\/"},"modified":"2024-08-13T16:03:05","modified_gmt":"2024-08-13T16:03:05","slug":"urban-hero-100ml-jimmy-choo","status":"publish","type":"product","link":"https:\/\/safari.mx\/index.php\/product\/urban-hero-100ml-jimmy-choo\/","title":{"rendered":"Urban Hero 100Ml &#8211; Jimmy Choo"},"content":{"rendered":"<p><strong>ACORDES:<\/strong> Fresco especiado, arom\u00e1tico, \u00e1mbar, c\u00e1lido especiado, lavanda, dulce, oz\u00f3nico, avainillado, herbal, pachul\u00ed.<\/p>\n","protected":false},"excerpt":{"rendered":"<p>Jimmy Choo Man Intense de Jimmy Choo es una fragancia de la familia olfativa para Hombres. Jimmy Choo Man Intense se lanz\u00f3 en 2016. Las Notas de Salida son mel\u00f3n, lavanda y mandarina; las Notas de Coraz\u00f3n son geranio, pimienta negra y abr\u00f3tano; las Notas de Fondo son haba tonka, pachul\u00ed y l\u00e1dano.<\/p>\n","protected":false},"featured_media":39071,"comment_status":"open","ping_status":"open","template":"","meta":[],"product_cat":[531,342,340,353,354,343,339,351,428,430,431],"product_tag":[],"class_list":{"0":"post-39070","1":"product","2":"type-product","3":"status-publish","4":"has-post-thumbnail","6":"product_cat-jimmy-choo-marca","7":"product_cat-clasificacion","8":"product_cat-concentracion","9":"product_cat-disenador-clasificacion","10":"product_cat-eau-de-toilette-concentracion","11":"product_cat-genero","12":"product_cat-marca","13":"product_cat-masculino-genero","14":"product_cat-perfumes-de-linea","15":"product_cat-perfumes-de-linea-caballero","16":"product_cat-perfumes-disenador-perfumes-de-linea","17":"ts_product_brand-jimmy-choo","19":"first","20":"instock","21":"purchasable","22":"product-type-simple","23":"add-to-wishlist-after_add_to_cart"},"aioseo_notices":[],"_links":{"self":[{"href":"https:\/\/safari.mx\/index.php\/wp-json\/wp\/v2\/product\/39070","targetHints":{"allow":["GET"]}}],"collection":[{"href":"https:\/\/safari.mx\/index.php\/wp-json\/wp\/v2\/product"}],"about":[{"href":"https:\/\/safari.mx\/index.php\/wp-json\/wp\/v2\/types\/product"}],"replies":[{"embeddable":true,"href":"https:\/\/safari.mx\/index.php\/wp-json\/wp\/v2\/comments?post=39070"}],"wp:featuredmedia":[{"embeddable":true,"href":"https:\/\/safari.mx\/index.php\/wp-json\/wp\/v2\/media\/39071"}],"wp:attachment":[{"href":"https:\/\/safari.mx\/index.php\/wp-json\/wp\/v2\/media?parent=39070"}],"wp:term":[{"taxonomy":"product_cat","embeddable":true,"href":"https:\/\/safari.mx\/index.php\/wp-json\/wp\/v2\/product_cat?post=39070"},{"taxonomy":"product_tag","embeddable":true,"href":"https:\/\/safari.mx\/index.php\/wp-json\/wp\/v2\/product_tag?post=39070"}],"curies":[{"name":"wp","href":"https:\/\/api.w.org\/{rel}","templated":true}]}}