{"id":39083,"date":"2024-08-13T16:03:54","date_gmt":"2024-08-13T16:03:54","guid":{"rendered":"https:\/\/safari.mx\/index.php\/product\/juicy-couture-edp-100ml-juicy-couture\/"},"modified":"2024-08-13T16:04:02","modified_gmt":"2024-08-13T16:04:02","slug":"juicy-couture-edp-100ml-juicy-couture","status":"publish","type":"product","link":"https:\/\/safari.mx\/index.php\/product\/juicy-couture-edp-100ml-juicy-couture\/","title":{"rendered":"Juicy Couture Edp 100Ml &#8211; Juicy Couture"},"content":{"rendered":"<p><strong>ACORDES:<\/strong> Floral blanco, dulce, nardos, verde, caramelo, afrutados, oz\u00f3nico, acu\u00e1tico, anim\u00e1lico, rosas.<\/p>\n","protected":false},"excerpt":{"rendered":"<p>Juicy Couture de Juicy Couture es una fragancia de la familia olfativa Floral Frutal para Mujeres. Juicy Couture se lanz\u00f3 en 2006. La Nariz detr\u00e1s de esta fragancia es Harry Fremont. Las Notas de Salida son sand\u00eda, maracuy\u00e1 (fruta de la pasi\u00f3n), jacinto, hojas verdes, manzana verde, cal\u00e9ndula y mandarina; las Notas de Coraz\u00f3n son nardos, azucena y rosa silvestre (rosa de perro); las Notas de Fondo son cr\u00e9me brul\u00e9e, caramelo, vainilla, maderas preciosas y pachul\u00ed. Este perfume es el ganador de 3 premios: FiFi Award Fragrance Of The Year Women`s Luxe 2007, FiFi Award Bath And Body Line Of The Year 2007 y FiFi Award Best National Advertising Campagne \/ Print 2007.<\/p>\n","protected":false},"featured_media":39084,"comment_status":"open","ping_status":"open","template":"","meta":[],"product_cat":[639,342,340,353,362,370,343,433,339,428,431],"product_tag":[],"class_list":{"0":"post-39083","1":"product","2":"type-product","3":"status-publish","4":"has-post-thumbnail","6":"product_cat-perfumes-de-linea-dama-perfumes-de-linea","7":"product_cat-clasificacion","8":"product_cat-concentracion","9":"product_cat-disenador-clasificacion","10":"product_cat-eau-de-parfum-concentracion","11":"product_cat-femenino-genero","12":"product_cat-genero","13":"product_cat-juicy-couture-marca","14":"product_cat-marca","15":"product_cat-perfumes-de-linea","16":"product_cat-perfumes-disenador-perfumes-de-linea","17":"ts_product_brand-juicy-couture","19":"first","20":"instock","21":"purchasable","22":"product-type-simple","23":"add-to-wishlist-after_add_to_cart"},"aioseo_notices":[],"_links":{"self":[{"href":"https:\/\/safari.mx\/index.php\/wp-json\/wp\/v2\/product\/39083","targetHints":{"allow":["GET"]}}],"collection":[{"href":"https:\/\/safari.mx\/index.php\/wp-json\/wp\/v2\/product"}],"about":[{"href":"https:\/\/safari.mx\/index.php\/wp-json\/wp\/v2\/types\/product"}],"replies":[{"embeddable":true,"href":"https:\/\/safari.mx\/index.php\/wp-json\/wp\/v2\/comments?post=39083"}],"wp:featuredmedia":[{"embeddable":true,"href":"https:\/\/safari.mx\/index.php\/wp-json\/wp\/v2\/media\/39084"}],"wp:attachment":[{"href":"https:\/\/safari.mx\/index.php\/wp-json\/wp\/v2\/media?parent=39083"}],"wp:term":[{"taxonomy":"product_cat","embeddable":true,"href":"https:\/\/safari.mx\/index.php\/wp-json\/wp\/v2\/product_cat?post=39083"},{"taxonomy":"product_tag","embeddable":true,"href":"https:\/\/safari.mx\/index.php\/wp-json\/wp\/v2\/product_tag?post=39083"}],"curies":[{"name":"wp","href":"https:\/\/api.w.org\/{rel}","templated":true}]}}