{"id":39135,"date":"2024-08-13T16:08:32","date_gmt":"2024-08-13T16:08:32","guid":{"rendered":"https:\/\/safari.mx\/index.php\/product\/individuel-75ml-montblanc\/"},"modified":"2024-08-13T16:08:40","modified_gmt":"2024-08-13T16:08:40","slug":"individuel-75ml-montblanc","status":"publish","type":"product","link":"https:\/\/safari.mx\/index.php\/product\/individuel-75ml-montblanc\/","title":{"rendered":"Individuel 75Ml &#8211; Montblanc"},"content":{"rendered":"<p><strong>ACORDES:<\/strong> Dulce, afrutados, arom\u00e1tico, c\u00e1lido especiado, amaderado, fresco especiado, atalcado, avainillado, lavanda, canela.<\/p>\n","protected":false},"excerpt":{"rendered":"<p>Individuel de Montblanc es una fragancia de la familia olfativa \u00c1mbar Amaderada para Hombres. Individuel se lanz\u00f3 en 2003. La Nariz detr\u00e1s de esta fragancia es Pierre Bourdon. Las Notas de Salida son lavanda, canela, pi\u00f1a, bayas de enebro, menta, bergamota, romero, cardamomo y cilantro; las Notas de Coraz\u00f3n son flor de azahar del naranjo, violeta, geranio y jazm\u00edn; las Notas de Fondo son frambuesa, vainilla, s\u00e1ndalo, chocolate oscuro, almizcle, \u00e1mbar, pachul\u00ed, vetiver y musgo de roble.<\/p>\n","protected":false},"featured_media":39136,"comment_status":"open","ping_status":"open","template":"","meta":[],"product_cat":[342,340,353,354,343,339,351,455,428,430,431],"product_tag":[],"class_list":{"0":"post-39135","1":"product","2":"type-product","3":"status-publish","4":"has-post-thumbnail","6":"product_cat-clasificacion","7":"product_cat-concentracion","8":"product_cat-disenador-clasificacion","9":"product_cat-eau-de-toilette-concentracion","10":"product_cat-genero","11":"product_cat-marca","12":"product_cat-masculino-genero","13":"product_cat-montblanc-marca","14":"product_cat-perfumes-de-linea","15":"product_cat-perfumes-de-linea-caballero","16":"product_cat-perfumes-disenador-perfumes-de-linea","17":"ts_product_brand-montblanc","19":"first","20":"instock","21":"purchasable","22":"product-type-simple","23":"add-to-wishlist-after_add_to_cart"},"aioseo_notices":[],"_links":{"self":[{"href":"https:\/\/safari.mx\/index.php\/wp-json\/wp\/v2\/product\/39135","targetHints":{"allow":["GET"]}}],"collection":[{"href":"https:\/\/safari.mx\/index.php\/wp-json\/wp\/v2\/product"}],"about":[{"href":"https:\/\/safari.mx\/index.php\/wp-json\/wp\/v2\/types\/product"}],"replies":[{"embeddable":true,"href":"https:\/\/safari.mx\/index.php\/wp-json\/wp\/v2\/comments?post=39135"}],"wp:featuredmedia":[{"embeddable":true,"href":"https:\/\/safari.mx\/index.php\/wp-json\/wp\/v2\/media\/39136"}],"wp:attachment":[{"href":"https:\/\/safari.mx\/index.php\/wp-json\/wp\/v2\/media?parent=39135"}],"wp:term":[{"taxonomy":"product_cat","embeddable":true,"href":"https:\/\/safari.mx\/index.php\/wp-json\/wp\/v2\/product_cat?post=39135"},{"taxonomy":"product_tag","embeddable":true,"href":"https:\/\/safari.mx\/index.php\/wp-json\/wp\/v2\/product_tag?post=39135"}],"curies":[{"name":"wp","href":"https:\/\/api.w.org\/{rel}","templated":true}]}}