{"id":39190,"date":"2024-08-13T16:12:30","date_gmt":"2024-08-13T16:12:30","guid":{"rendered":"https:\/\/safari.mx\/index.php\/product\/voyage-sport-100ml-edt-nautica\/"},"modified":"2024-08-13T16:12:37","modified_gmt":"2024-08-13T16:12:37","slug":"voyage-sport-100ml-edt-nautica","status":"publish","type":"product","link":"https:\/\/safari.mx\/index.php\/product\/voyage-sport-100ml-edt-nautica\/","title":{"rendered":"Voyage Sport 100ml EDT &#8211; Nautica"},"content":{"rendered":"<p><strong>ACORDES:<\/strong> Arom\u00e1tico, marino, verde, fresco, amaderado, fresco especiado, c\u00edtrico, salado, afrutados, almizclado.<\/p>\n","protected":false},"excerpt":{"rendered":"<p>Nautica Voyage Sport de Nautica es una fragancia de la familia olfativa Amaderada Arom\u00e1tica para Hombres. Nautica Voyage Sport se lanz\u00f3 en 2016. Las Notas de Salida son notas marinas, c\u00edtricos, sal de mar y cilantro; las Notas de Coraz\u00f3n son manzana, geranio, hojas de palmera y pimiento verde; las Notas de Fondo son almizcle, vetiver, pachul\u00ed y secuoya roja brasile\u00f1a.<\/p>\n","protected":false},"featured_media":39192,"comment_status":"open","ping_status":"open","template":"","meta":[],"product_cat":[342,340,353,354,343,339,351,465,428,430,431],"product_tag":[],"class_list":{"0":"post-39190","1":"product","2":"type-product","3":"status-publish","4":"has-post-thumbnail","6":"product_cat-clasificacion","7":"product_cat-concentracion","8":"product_cat-disenador-clasificacion","9":"product_cat-eau-de-toilette-concentracion","10":"product_cat-genero","11":"product_cat-marca","12":"product_cat-masculino-genero","13":"product_cat-nautica-marca","14":"product_cat-perfumes-de-linea","15":"product_cat-perfumes-de-linea-caballero","16":"product_cat-perfumes-disenador-perfumes-de-linea","17":"ts_product_brand-nautica","19":"first","20":"instock","21":"purchasable","22":"product-type-simple","23":"add-to-wishlist-after_add_to_cart"},"aioseo_notices":[],"_links":{"self":[{"href":"https:\/\/safari.mx\/index.php\/wp-json\/wp\/v2\/product\/39190","targetHints":{"allow":["GET"]}}],"collection":[{"href":"https:\/\/safari.mx\/index.php\/wp-json\/wp\/v2\/product"}],"about":[{"href":"https:\/\/safari.mx\/index.php\/wp-json\/wp\/v2\/types\/product"}],"replies":[{"embeddable":true,"href":"https:\/\/safari.mx\/index.php\/wp-json\/wp\/v2\/comments?post=39190"}],"wp:featuredmedia":[{"embeddable":true,"href":"https:\/\/safari.mx\/index.php\/wp-json\/wp\/v2\/media\/39192"}],"wp:attachment":[{"href":"https:\/\/safari.mx\/index.php\/wp-json\/wp\/v2\/media?parent=39190"}],"wp:term":[{"taxonomy":"product_cat","embeddable":true,"href":"https:\/\/safari.mx\/index.php\/wp-json\/wp\/v2\/product_cat?post=39190"},{"taxonomy":"product_tag","embeddable":true,"href":"https:\/\/safari.mx\/index.php\/wp-json\/wp\/v2\/product_tag?post=39190"}],"curies":[{"name":"wp","href":"https:\/\/api.w.org\/{rel}","templated":true}]}}