{"id":39337,"date":"2024-08-13T16:22:30","date_gmt":"2024-08-13T16:22:30","guid":{"rendered":"https:\/\/safari.mx\/index.php\/product\/uomo-casual-life-100-ml-edt-salvatore-ferragamo\/"},"modified":"2024-08-13T16:22:38","modified_gmt":"2024-08-13T16:22:38","slug":"uomo-casual-life-100-ml-edt-salvatore-ferragamo","status":"publish","type":"product","link":"https:\/\/safari.mx\/index.php\/product\/uomo-casual-life-100-ml-edt-salvatore-ferragamo\/","title":{"rendered":"Uomo Casual Life 100 ml EDT &#8211; Salvatore Ferragamo"},"content":{"rendered":"<p><strong>ACORDES:<\/strong> Almizclado, c\u00e1lido especiado, \u00e1mbar, oz\u00f3nico, caf\u00e9, arom\u00e1tico, c\u00edtrico, amaderado, acu\u00e1tico, fresco especiado.<\/p>\n","protected":false},"excerpt":{"rendered":"<p>Uomo Salvatore Ferragamo Casual Life de Salvatore Ferragamo es una fragancia de la familia olfativa Amaderada Arom\u00e1tica para Hombres. Uomo Salvatore Ferragamo Casual Life se lanz\u00f3 en 2017. Las Notas de Salida son hojas de violeta, lim\u00f3n (lima \u00e1cida) y cardamomo; las Notas de Coraz\u00f3n son caf\u00e9, ambroxan y geranio; las Notas de Fondo son almizcle, madera de cachemira y extracto de cedro blanco.<\/p>\n","protected":false},"featured_media":39338,"comment_status":"open","ping_status":"open","template":"","meta":[],"product_cat":[342,340,353,354,343,339,351,428,430,431,481],"product_tag":[],"class_list":{"0":"post-39337","1":"product","2":"type-product","3":"status-publish","4":"has-post-thumbnail","6":"product_cat-clasificacion","7":"product_cat-concentracion","8":"product_cat-disenador-clasificacion","9":"product_cat-eau-de-toilette-concentracion","10":"product_cat-genero","11":"product_cat-marca","12":"product_cat-masculino-genero","13":"product_cat-perfumes-de-linea","14":"product_cat-perfumes-de-linea-caballero","15":"product_cat-perfumes-disenador-perfumes-de-linea","16":"product_cat-salvatore-ferragamo-marca","17":"ts_product_brand-salvatore-ferragamo","19":"first","20":"instock","21":"purchasable","22":"product-type-simple","23":"add-to-wishlist-after_add_to_cart"},"aioseo_notices":[],"_links":{"self":[{"href":"https:\/\/safari.mx\/index.php\/wp-json\/wp\/v2\/product\/39337","targetHints":{"allow":["GET"]}}],"collection":[{"href":"https:\/\/safari.mx\/index.php\/wp-json\/wp\/v2\/product"}],"about":[{"href":"https:\/\/safari.mx\/index.php\/wp-json\/wp\/v2\/types\/product"}],"replies":[{"embeddable":true,"href":"https:\/\/safari.mx\/index.php\/wp-json\/wp\/v2\/comments?post=39337"}],"wp:featuredmedia":[{"embeddable":true,"href":"https:\/\/safari.mx\/index.php\/wp-json\/wp\/v2\/media\/39338"}],"wp:attachment":[{"href":"https:\/\/safari.mx\/index.php\/wp-json\/wp\/v2\/media?parent=39337"}],"wp:term":[{"taxonomy":"product_cat","embeddable":true,"href":"https:\/\/safari.mx\/index.php\/wp-json\/wp\/v2\/product_cat?post=39337"},{"taxonomy":"product_tag","embeddable":true,"href":"https:\/\/safari.mx\/index.php\/wp-json\/wp\/v2\/product_tag?post=39337"}],"curies":[{"name":"wp","href":"https:\/\/api.w.org\/{rel}","templated":true}]}}