{"id":39359,"date":"2024-08-13T16:24:26","date_gmt":"2024-08-13T16:24:26","guid":{"rendered":"https:\/\/safari.mx\/index.php\/product\/incanto-shine-100ml-edt-salvatore-ferragamo\/"},"modified":"2024-08-13T16:24:35","modified_gmt":"2024-08-13T16:24:35","slug":"incanto-bloom-100-ml-edt-salvatore-ferragamo","status":"publish","type":"product","link":"https:\/\/safari.mx\/index.php\/product\/incanto-bloom-100-ml-edt-salvatore-ferragamo\/","title":{"rendered":"Incanto Bloom 100 ml EDT &#8211; Salvatore Ferragamo"},"content":{"rendered":"<p><strong>ACORDES:<\/strong> Florales, rosas, afrutados, dulce, almizclado, floral blanco, c\u00edtrico.<\/p>\n","protected":false},"excerpt":{"rendered":"<p>Incanto Bloom (2014) de Salvatore Ferragamo es una fragancia de la familia olfativa Floral Frutal para Mujeres. Incanto Bloom (2014) se lanz\u00f3 en 2014. La Nariz detr\u00e1s de esta fragancia es Sophie Labbe. Las Notas de Salida son fresia y flor del pomelo; las Notas de Coraz\u00f3n son rosa de t\u00e9, frambuesa y champaca; las Notas de Fondo son almizcle y madera de cachemira.<\/p>\n","protected":false},"featured_media":39362,"comment_status":"open","ping_status":"open","template":"","meta":[],"product_cat":[639,342,340,353,354,370,343,339,428,431,481],"product_tag":[],"class_list":{"0":"post-39359","1":"product","2":"type-product","3":"status-publish","4":"has-post-thumbnail","6":"product_cat-perfumes-de-linea-dama-perfumes-de-linea","7":"product_cat-clasificacion","8":"product_cat-concentracion","9":"product_cat-disenador-clasificacion","10":"product_cat-eau-de-toilette-concentracion","11":"product_cat-femenino-genero","12":"product_cat-genero","13":"product_cat-marca","14":"product_cat-perfumes-de-linea","15":"product_cat-perfumes-disenador-perfumes-de-linea","16":"product_cat-salvatore-ferragamo-marca","17":"ts_product_brand-salvatore-ferragamo","19":"first","20":"instock","21":"purchasable","22":"product-type-simple","23":"add-to-wishlist-after_add_to_cart"},"aioseo_notices":[],"_links":{"self":[{"href":"https:\/\/safari.mx\/index.php\/wp-json\/wp\/v2\/product\/39359","targetHints":{"allow":["GET"]}}],"collection":[{"href":"https:\/\/safari.mx\/index.php\/wp-json\/wp\/v2\/product"}],"about":[{"href":"https:\/\/safari.mx\/index.php\/wp-json\/wp\/v2\/types\/product"}],"replies":[{"embeddable":true,"href":"https:\/\/safari.mx\/index.php\/wp-json\/wp\/v2\/comments?post=39359"}],"wp:featuredmedia":[{"embeddable":true,"href":"https:\/\/safari.mx\/index.php\/wp-json\/wp\/v2\/media\/39362"}],"wp:attachment":[{"href":"https:\/\/safari.mx\/index.php\/wp-json\/wp\/v2\/media?parent=39359"}],"wp:term":[{"taxonomy":"product_cat","embeddable":true,"href":"https:\/\/safari.mx\/index.php\/wp-json\/wp\/v2\/product_cat?post=39359"},{"taxonomy":"product_tag","embeddable":true,"href":"https:\/\/safari.mx\/index.php\/wp-json\/wp\/v2\/product_tag?post=39359"}],"curies":[{"name":"wp","href":"https:\/\/api.w.org\/{rel}","templated":true}]}}