{"id":39363,"date":"2024-08-13T16:24:38","date_gmt":"2024-08-13T16:24:38","guid":{"rendered":"https:\/\/safari.mx\/index.php\/product\/incanto-charms-100ml-edt-salvatore-ferragamo\/"},"modified":"2024-08-13T16:24:44","modified_gmt":"2024-08-13T16:24:44","slug":"incanto-charms-100ml-edt-salvatore-ferragamo","status":"publish","type":"product","link":"https:\/\/safari.mx\/index.php\/product\/incanto-charms-100ml-edt-salvatore-ferragamo\/","title":{"rendered":"Incanto Charms 100ml EDT &#8211; Salvatore Ferragamo"},"content":{"rendered":"<p><strong>ACORDES:<\/strong> Floral blanco, afrutados, tropical, dulce, fresco, rosas, almizclado, amaderado.<\/p>\n","protected":false},"excerpt":{"rendered":"<p>Incanto Charms de Salvatore Ferragamo es una fragancia de la familia olfativa Floral Frutal para Mujeres. Incanto Charms se lanz\u00f3 en 2006. La Nariz detr\u00e1s de esta fragancia es Beatrice Piquet. Las Notas de Salida son maracuy\u00e1 (fruta de la pasi\u00f3n) y madreselva; las Notas de Coraz\u00f3n son rosa y jazm\u00edn; las Notas de Fondo son almizcle y notas amaderadas.<\/p>\n","protected":false},"featured_media":39365,"comment_status":"open","ping_status":"open","template":"","meta":[],"product_cat":[639,342,340,353,354,370,343,339,428,431,481],"product_tag":[],"class_list":{"0":"post-39363","1":"product","2":"type-product","3":"status-publish","4":"has-post-thumbnail","6":"product_cat-perfumes-de-linea-dama-perfumes-de-linea","7":"product_cat-clasificacion","8":"product_cat-concentracion","9":"product_cat-disenador-clasificacion","10":"product_cat-eau-de-toilette-concentracion","11":"product_cat-femenino-genero","12":"product_cat-genero","13":"product_cat-marca","14":"product_cat-perfumes-de-linea","15":"product_cat-perfumes-disenador-perfumes-de-linea","16":"product_cat-salvatore-ferragamo-marca","17":"ts_product_brand-salvatore-ferragamo","19":"first","20":"instock","21":"purchasable","22":"product-type-simple","23":"add-to-wishlist-after_add_to_cart"},"aioseo_notices":[],"_links":{"self":[{"href":"https:\/\/safari.mx\/index.php\/wp-json\/wp\/v2\/product\/39363","targetHints":{"allow":["GET"]}}],"collection":[{"href":"https:\/\/safari.mx\/index.php\/wp-json\/wp\/v2\/product"}],"about":[{"href":"https:\/\/safari.mx\/index.php\/wp-json\/wp\/v2\/types\/product"}],"replies":[{"embeddable":true,"href":"https:\/\/safari.mx\/index.php\/wp-json\/wp\/v2\/comments?post=39363"}],"wp:featuredmedia":[{"embeddable":true,"href":"https:\/\/safari.mx\/index.php\/wp-json\/wp\/v2\/media\/39365"}],"wp:attachment":[{"href":"https:\/\/safari.mx\/index.php\/wp-json\/wp\/v2\/media?parent=39363"}],"wp:term":[{"taxonomy":"product_cat","embeddable":true,"href":"https:\/\/safari.mx\/index.php\/wp-json\/wp\/v2\/product_cat?post=39363"},{"taxonomy":"product_tag","embeddable":true,"href":"https:\/\/safari.mx\/index.php\/wp-json\/wp\/v2\/product_tag?post=39363"}],"curies":[{"name":"wp","href":"https:\/\/api.w.org\/{rel}","templated":true}]}}