{"id":39373,"date":"2024-08-13T16:25:20","date_gmt":"2024-08-13T16:25:20","guid":{"rendered":"https:\/\/safari.mx\/index.php\/product\/gold-rush-by-paris-hilton-100-ml-edt-paris-hilton\/"},"modified":"2024-08-13T16:25:29","modified_gmt":"2024-08-13T16:25:29","slug":"gold-rush-by-paris-hilton-100-ml-edt-paris-hilton","status":"publish","type":"product","link":"https:\/\/safari.mx\/index.php\/product\/gold-rush-by-paris-hilton-100-ml-edt-paris-hilton\/","title":{"rendered":"Gold Rush by Paris Hilton 100 ml EDT &#8211; Paris Hilton"},"content":{"rendered":"<p><strong>ACORDES:<\/strong> Avainillado, arom\u00e1tico, \u00e1mbar, c\u00edtrico, c\u00e1lido especiado, fresco especiado, dulce, lavanda, atalcado, herbal.<\/p>\n","protected":false},"excerpt":{"rendered":"<p>Gold Rush Man de Paris Hilton es una fragancia de la familia olfativa \u00c1mbar Foug\u00e8re para Hombres. Gold Rush Man se lanz\u00f3 en 2017. Las Notas de Salida son mandarina, cardamomo y bergamota; las Notas de Coraz\u00f3n son lavanda, geranio y salvia; las Notas de Fondo son vainilla, \u00e1mbar y haba tonka.<\/p>\n","protected":false},"featured_media":39375,"comment_status":"open","ping_status":"open","template":"","meta":[],"product_cat":[546,342,340,353,354,343,339,351,428,430,431],"product_tag":[],"class_list":{"0":"post-39373","1":"product","2":"type-product","3":"status-publish","4":"has-post-thumbnail","6":"product_cat-paris-hilton-marca","7":"product_cat-clasificacion","8":"product_cat-concentracion","9":"product_cat-disenador-clasificacion","10":"product_cat-eau-de-toilette-concentracion","11":"product_cat-genero","12":"product_cat-marca","13":"product_cat-masculino-genero","14":"product_cat-perfumes-de-linea","15":"product_cat-perfumes-de-linea-caballero","16":"product_cat-perfumes-disenador-perfumes-de-linea","17":"ts_product_brand-paris-hilton","19":"first","20":"instock","21":"purchasable","22":"product-type-simple","23":"add-to-wishlist-after_add_to_cart"},"aioseo_notices":[],"_links":{"self":[{"href":"https:\/\/safari.mx\/index.php\/wp-json\/wp\/v2\/product\/39373","targetHints":{"allow":["GET"]}}],"collection":[{"href":"https:\/\/safari.mx\/index.php\/wp-json\/wp\/v2\/product"}],"about":[{"href":"https:\/\/safari.mx\/index.php\/wp-json\/wp\/v2\/types\/product"}],"replies":[{"embeddable":true,"href":"https:\/\/safari.mx\/index.php\/wp-json\/wp\/v2\/comments?post=39373"}],"wp:featuredmedia":[{"embeddable":true,"href":"https:\/\/safari.mx\/index.php\/wp-json\/wp\/v2\/media\/39375"}],"wp:attachment":[{"href":"https:\/\/safari.mx\/index.php\/wp-json\/wp\/v2\/media?parent=39373"}],"wp:term":[{"taxonomy":"product_cat","embeddable":true,"href":"https:\/\/safari.mx\/index.php\/wp-json\/wp\/v2\/product_cat?post=39373"},{"taxonomy":"product_tag","embeddable":true,"href":"https:\/\/safari.mx\/index.php\/wp-json\/wp\/v2\/product_tag?post=39373"}],"curies":[{"name":"wp","href":"https:\/\/api.w.org\/{rel}","templated":true}]}}