{"id":39395,"date":"2024-08-13T16:27:27","date_gmt":"2024-08-13T16:27:27","guid":{"rendered":"https:\/\/safari.mx\/index.php\/product\/ruby-rush-100ml-edp-paris-hilton\/"},"modified":"2024-08-13T16:27:35","modified_gmt":"2024-08-13T16:27:35","slug":"ruby-rush-100ml-edp-paris-hilton","status":"publish","type":"product","link":"https:\/\/safari.mx\/index.php\/product\/ruby-rush-100ml-edp-paris-hilton\/","title":{"rendered":"Ruby Rush 100ml EDP &#8211; Paris Hilton"},"content":{"rendered":"<p><strong>ACORDES:<\/strong> Florales, dulce, avainillado, acerezado, almizclado, atalcado, afrutados, fresco especiado.<\/p>\n","protected":false},"excerpt":{"rendered":"<p>Ruby Rush de Paris Hilton es una fragancia de la familia olfativa Floral Frutal para Mujeres. Esta fragancia es nueva. Ruby Rush se lanz\u00f3 en 2022. Las Notas de Salida son cereza, hibisco (flor de Jamaica, cayena) y crema batida; las Notas de Coraz\u00f3n son flor del frambueso, dalia y nen\u00fafar (lirio de agua); las Notas de Fondo son vainilla, almizcle y s\u00e1ndalo.<\/p>\n","protected":false},"featured_media":39396,"comment_status":"open","ping_status":"open","template":"","meta":[],"product_cat":[546,639,342,340,353,362,370,343,339,428,431],"product_tag":[],"class_list":{"0":"post-39395","1":"product","2":"type-product","3":"status-publish","4":"has-post-thumbnail","6":"product_cat-paris-hilton-marca","7":"product_cat-perfumes-de-linea-dama-perfumes-de-linea","8":"product_cat-clasificacion","9":"product_cat-concentracion","10":"product_cat-disenador-clasificacion","11":"product_cat-eau-de-parfum-concentracion","12":"product_cat-femenino-genero","13":"product_cat-genero","14":"product_cat-marca","15":"product_cat-perfumes-de-linea","16":"product_cat-perfumes-disenador-perfumes-de-linea","17":"ts_product_brand-paris-hilton","19":"first","20":"instock","21":"purchasable","22":"product-type-simple","23":"add-to-wishlist-after_add_to_cart"},"aioseo_notices":[],"_links":{"self":[{"href":"https:\/\/safari.mx\/index.php\/wp-json\/wp\/v2\/product\/39395","targetHints":{"allow":["GET"]}}],"collection":[{"href":"https:\/\/safari.mx\/index.php\/wp-json\/wp\/v2\/product"}],"about":[{"href":"https:\/\/safari.mx\/index.php\/wp-json\/wp\/v2\/types\/product"}],"replies":[{"embeddable":true,"href":"https:\/\/safari.mx\/index.php\/wp-json\/wp\/v2\/comments?post=39395"}],"wp:featuredmedia":[{"embeddable":true,"href":"https:\/\/safari.mx\/index.php\/wp-json\/wp\/v2\/media\/39396"}],"wp:attachment":[{"href":"https:\/\/safari.mx\/index.php\/wp-json\/wp\/v2\/media?parent=39395"}],"wp:term":[{"taxonomy":"product_cat","embeddable":true,"href":"https:\/\/safari.mx\/index.php\/wp-json\/wp\/v2\/product_cat?post=39395"},{"taxonomy":"product_tag","embeddable":true,"href":"https:\/\/safari.mx\/index.php\/wp-json\/wp\/v2\/product_tag?post=39395"}],"curies":[{"name":"wp","href":"https:\/\/api.w.org\/{rel}","templated":true}]}}