{"id":39434,"date":"2024-08-13T16:30:25","date_gmt":"2024-08-13T16:30:25","guid":{"rendered":"https:\/\/safari.mx\/index.php\/product\/sport-100ml-edt-tous\/"},"modified":"2024-08-13T16:30:33","modified_gmt":"2024-08-13T16:30:33","slug":"sport-100ml-edt-tous","status":"publish","type":"product","link":"https:\/\/safari.mx\/index.php\/product\/sport-100ml-edt-tous\/","title":{"rendered":"Sport 100ml EDT &#8211; Tous"},"content":{"rendered":"<p><strong>ACORDES:<\/strong> C\u00edtrico, fresco, amaderado, aldeh\u00eddico, almizclado, c\u00e1lido especiado, afrutados, arom\u00e1tico, atalcado, dulce.<\/p>\n","protected":false},"excerpt":{"rendered":"<p>Tous Man Sport de Tous es una fragancia de la familia olfativa Amaderada Arom\u00e1tica para Hombres. Tous Man Sport se lanz\u00f3 en 2010. La Nariz detr\u00e1s de esta fragancia es Vincent Salaire. Las Notas de Salida son lim\u00f3n de Amalfi (lima de Amalfi) y aldeh\u00eddos; las Notas de Coraz\u00f3n son jengibre y manzana roja; las Notas de Fondo son cedro de Virginia, almizcle, madera de cachemira y musgo de roble.<\/p>\n","protected":false},"featured_media":39436,"comment_status":"open","ping_status":"open","template":"","meta":[],"product_cat":[596,342,340,353,354,343,339,351,428,430,431],"product_tag":[],"class_list":{"0":"post-39434","1":"product","2":"type-product","3":"status-publish","4":"has-post-thumbnail","6":"product_cat-tous-marca","7":"product_cat-clasificacion","8":"product_cat-concentracion","9":"product_cat-disenador-clasificacion","10":"product_cat-eau-de-toilette-concentracion","11":"product_cat-genero","12":"product_cat-marca","13":"product_cat-masculino-genero","14":"product_cat-perfumes-de-linea","15":"product_cat-perfumes-de-linea-caballero","16":"product_cat-perfumes-disenador-perfumes-de-linea","17":"ts_product_brand-tous","19":"first","20":"instock","21":"purchasable","22":"product-type-simple","23":"add-to-wishlist-after_add_to_cart"},"aioseo_notices":[],"_links":{"self":[{"href":"https:\/\/safari.mx\/index.php\/wp-json\/wp\/v2\/product\/39434","targetHints":{"allow":["GET"]}}],"collection":[{"href":"https:\/\/safari.mx\/index.php\/wp-json\/wp\/v2\/product"}],"about":[{"href":"https:\/\/safari.mx\/index.php\/wp-json\/wp\/v2\/types\/product"}],"replies":[{"embeddable":true,"href":"https:\/\/safari.mx\/index.php\/wp-json\/wp\/v2\/comments?post=39434"}],"wp:featuredmedia":[{"embeddable":true,"href":"https:\/\/safari.mx\/index.php\/wp-json\/wp\/v2\/media\/39436"}],"wp:attachment":[{"href":"https:\/\/safari.mx\/index.php\/wp-json\/wp\/v2\/media?parent=39434"}],"wp:term":[{"taxonomy":"product_cat","embeddable":true,"href":"https:\/\/safari.mx\/index.php\/wp-json\/wp\/v2\/product_cat?post=39434"},{"taxonomy":"product_tag","embeddable":true,"href":"https:\/\/safari.mx\/index.php\/wp-json\/wp\/v2\/product_tag?post=39434"}],"curies":[{"name":"wp","href":"https:\/\/api.w.org\/{rel}","templated":true}]}}