{"id":39441,"date":"2024-08-13T16:30:45","date_gmt":"2024-08-13T16:30:45","guid":{"rendered":"https:\/\/safari.mx\/index.php\/product\/intense-100ml-edt-tous-2\/"},"modified":"2024-10-12T04:20:03","modified_gmt":"2024-10-12T04:20:03","slug":"intense-100ml-edt-tous-2","status":"publish","type":"product","link":"https:\/\/safari.mx\/index.php\/product\/intense-100ml-edt-tous-2\/","title":{"rendered":"Intense 100ml EDT &#8211; Tous"},"content":{"rendered":"<p><strong>ACORDES:<\/strong> Arom\u00e1tico, floral blanco, c\u00edtrico, almizclado, lavanda, herbal, \u00e1mbar, dulce, musgoso, fresco especiado.<\/p>\n","protected":false},"excerpt":{"rendered":"<p>Tous Man Intense de Tous es una fragancia de la familia olfativa Arom\u00e1tica Foug\u00e8re para Hombres. Tous Man Intense se lanz\u00f3 en 2013. Tous Man Intense fue creada por Alienor Massenet y Pierre Wargnye. Las Notas de Salida son salvia, neroli y petit grain; las Notas de Coraz\u00f3n son lavanda, salvia y flor del naranjo tunesino; las Notas de Fondo son almizcle, haba tonka, musgo y \u00e1mbar.<\/p>\n","protected":false},"featured_media":39442,"comment_status":"open","ping_status":"closed","template":"","meta":[],"product_cat":[596,342,340,353,354,343,339,351,428,430,431],"product_tag":[],"class_list":{"0":"post-39441","1":"product","2":"type-product","3":"status-publish","4":"has-post-thumbnail","6":"product_cat-tous-marca","7":"product_cat-clasificacion","8":"product_cat-concentracion","9":"product_cat-disenador-clasificacion","10":"product_cat-eau-de-toilette-concentracion","11":"product_cat-genero","12":"product_cat-marca","13":"product_cat-masculino-genero","14":"product_cat-perfumes-de-linea","15":"product_cat-perfumes-de-linea-caballero","16":"product_cat-perfumes-disenador-perfumes-de-linea","17":"ts_product_brand-tous","19":"first","20":"outofstock","21":"purchasable","22":"product-type-simple","23":"add-to-wishlist-after_add_to_cart"},"aioseo_notices":[],"_links":{"self":[{"href":"https:\/\/safari.mx\/index.php\/wp-json\/wp\/v2\/product\/39441","targetHints":{"allow":["GET"]}}],"collection":[{"href":"https:\/\/safari.mx\/index.php\/wp-json\/wp\/v2\/product"}],"about":[{"href":"https:\/\/safari.mx\/index.php\/wp-json\/wp\/v2\/types\/product"}],"replies":[{"embeddable":true,"href":"https:\/\/safari.mx\/index.php\/wp-json\/wp\/v2\/comments?post=39441"}],"wp:featuredmedia":[{"embeddable":true,"href":"https:\/\/safari.mx\/index.php\/wp-json\/wp\/v2\/media\/39442"}],"wp:attachment":[{"href":"https:\/\/safari.mx\/index.php\/wp-json\/wp\/v2\/media?parent=39441"}],"wp:term":[{"taxonomy":"product_cat","embeddable":true,"href":"https:\/\/safari.mx\/index.php\/wp-json\/wp\/v2\/product_cat?post=39441"},{"taxonomy":"product_tag","embeddable":true,"href":"https:\/\/safari.mx\/index.php\/wp-json\/wp\/v2\/product_tag?post=39441"}],"curies":[{"name":"wp","href":"https:\/\/api.w.org\/{rel}","templated":true}]}}