{"id":39446,"date":"2024-08-13T16:31:10","date_gmt":"2024-08-13T16:31:10","guid":{"rendered":"https:\/\/safari.mx\/index.php\/product\/tous-kids-boy-100ml-edt-tous\/"},"modified":"2024-08-13T16:31:17","modified_gmt":"2024-08-13T16:31:17","slug":"tous-kids-boy-100ml-edt-tous","status":"publish","type":"product","link":"https:\/\/safari.mx\/index.php\/product\/tous-kids-boy-100ml-edt-tous\/","title":{"rendered":"Tous Kids Boy 100ml EDT &#8211; Tous"},"content":{"rendered":"<p><strong>ACORDES:<\/strong> Verde, fresco, dulce, c\u00edtrico, acu\u00e1tico, florales, afrutados, especiado suave, almizclado.<\/p>\n","protected":false},"excerpt":{"rendered":"<p>Tous Kids Boy de Tous es una fragancia de la familia olfativa Arom\u00e1tica Frutal para Hombres. Tous Kids Boy se lanz\u00f3 en 2012. Tous Kids Boy fue creada por Domitille Michalon Bertier y Juliette Karagueuzoglou. Las Notas de Salida son tr\u00e9bol blanco, neroli y mandarina; las Notas de Coraz\u00f3n son notas acu\u00e1ticas, manzana acaramelada y hierba; las Notas de Fondo son regaliz y almizcle.<\/p>\n","protected":false},"featured_media":39447,"comment_status":"open","ping_status":"open","template":"","meta":[],"product_cat":[726,770,596,342,340,353,354,343,716,339,428,431,715],"product_tag":[],"class_list":{"0":"post-39446","1":"product","2":"type-product","3":"status-publish","4":"has-post-thumbnail","6":"product_cat-p-infantiles-nino","7":"product_cat-perfumes-de-linea-infantiles-perfumes-de-linea","8":"product_cat-tous-marca","9":"product_cat-clasificacion","10":"product_cat-concentracion","11":"product_cat-disenador-clasificacion","12":"product_cat-eau-de-toilette-concentracion","13":"product_cat-genero","14":"product_cat-infantil-genero","15":"product_cat-marca","16":"product_cat-perfumes-de-linea","17":"product_cat-perfumes-disenador-perfumes-de-linea","18":"product_cat-perfumes-infantiles","19":"ts_product_brand-tous","21":"first","22":"instock","23":"purchasable","24":"product-type-simple","25":"add-to-wishlist-after_add_to_cart"},"aioseo_notices":[],"_links":{"self":[{"href":"https:\/\/safari.mx\/index.php\/wp-json\/wp\/v2\/product\/39446","targetHints":{"allow":["GET"]}}],"collection":[{"href":"https:\/\/safari.mx\/index.php\/wp-json\/wp\/v2\/product"}],"about":[{"href":"https:\/\/safari.mx\/index.php\/wp-json\/wp\/v2\/types\/product"}],"replies":[{"embeddable":true,"href":"https:\/\/safari.mx\/index.php\/wp-json\/wp\/v2\/comments?post=39446"}],"wp:featuredmedia":[{"embeddable":true,"href":"https:\/\/safari.mx\/index.php\/wp-json\/wp\/v2\/media\/39447"}],"wp:attachment":[{"href":"https:\/\/safari.mx\/index.php\/wp-json\/wp\/v2\/media?parent=39446"}],"wp:term":[{"taxonomy":"product_cat","embeddable":true,"href":"https:\/\/safari.mx\/index.php\/wp-json\/wp\/v2\/product_cat?post=39446"},{"taxonomy":"product_tag","embeddable":true,"href":"https:\/\/safari.mx\/index.php\/wp-json\/wp\/v2\/product_tag?post=39446"}],"curies":[{"name":"wp","href":"https:\/\/api.w.org\/{rel}","templated":true}]}}